{"id":749,"date":"2021-05-08T15:24:29","date_gmt":"2021-05-08T18:24:29","guid":{"rendered":"https:\/\/www.ccblux.com.br\/?page_id=749"},"modified":"2021-05-08T15:24:29","modified_gmt":"2021-05-08T18:24:29","slug":"diagnostico-da-nacionalidade-luxemburguesa","status":"publish","type":"page","link":"https:\/\/www.ccblux.com\/?page_id=749","title":{"rendered":"Diagn\u00f3stico da Nacionalidade luxemburguesa"},"content":{"rendered":"\n<div class=\"wp-block-image is-style-default\"><figure class=\"aligncenter size-medium\"><img loading=\"lazy\" decoding=\"async\" width=\"300\" height=\"300\" src=\"https:\/\/www.ccblux.com.br\/wp-content\/uploads\/2021\/04\/Lulu-300x300.png\" alt=\"\" class=\"wp-image-783\" srcset=\"https:\/\/www.ccblux.com\/wp-content\/uploads\/2021\/04\/Lulu-300x300.png 300w, https:\/\/www.ccblux.com\/wp-content\/uploads\/2021\/04\/Lulu-1024x1024.png 1024w, https:\/\/www.ccblux.com\/wp-content\/uploads\/2021\/04\/Lulu-150x150.png 150w, https:\/\/www.ccblux.com\/wp-content\/uploads\/2021\/04\/Lulu-768x768.png 768w, https:\/\/www.ccblux.com\/wp-content\/uploads\/2021\/04\/Lulu-100x100.png 100w, https:\/\/www.ccblux.com\/wp-content\/uploads\/2021\/04\/Lulu.png 1280w\" sizes=\"auto, (max-width: 300px) 100vw, 300px\" \/><\/figure><\/div>\n\n\n\n<meta property=\"og:image\" content=\"https:\/\/www.ccblux.com.br\/wp-content\/uploads\/2021\/04\/Lulu-300x300.png\">\n\n\n\n<p>Ol\u00e1, eu sou a LULU, inicie o diagn\u00f3stico no di\u00e1logo abaixo para ver quais as possibilidades de seu acesso a nacionalidade luxemburguesa. Um caso em especial expirou em 2018, mas dependendo de onde voc\u00ea se enquadra na lei, pode haver possibilidade, j\u00e1 que os demais casos est\u00e3o em aberto ainda. Vamos l\u00e1?<\/p>\n\n\n\n<p><a href=\"https:\/\/www.ccblux.com.br\/Termo%20de%20responsabilidade.pdf\">Clique aqui para ver osTermos e Condi\u00e7\u00f5es do servi\u00e7o<\/a>.<\/p>\n\n\n\n<!--\n    <meta charset=\"UTF-8\">\n    <meta name=\"viewport\" content=\"width=device-width, initial-scale=1.0\">\n-->\n   \n    <link rel=\"stylesheet\" href=\"https:\/\/www.ccblux.com.br\/lulu\/style.css\">\n    <script src=\"https:\/\/kit.fontawesome.com\/a076d05399.js\"><\/script>\n    <script src=\"https:\/\/code.jquery.com\/jquery-3.5.1.min.js\"><\/script>\n\n\n    <div class=\"wrapper\">\n        <div class=\"title\">Lulu &#8211; Consultora cidadania (beta)<\/div>\n        <div class=\"form\">\n            <div class=\"bot-inbox inbox\">\n                <div class=\"icon\">\n                    <!-- <i class=\"fas fa-user\"><\/i>-->\n\t\t\t\t\t<img decoding=\"async\" src=\"https:\/\/www.ccblux.com.br\/wp-content\/uploads\/2017\/06\/cropped-CCBLUX2ss-1-32x32.png\">\n                <\/div>\n                <div class=\"msg-header\">\n                    <p>Ol\u00e1 eu sou a Lulu, a consultora de Intelig\u00eancia artificial da CCBLUX. Vamos iniciar o diagn\u00f3stico da sua possibilidade de acesso a nacionalidade luxemburguesa.<\/p>\n                <\/div>\n            <\/div>\n\t\t\t<div class=\"bot-inbox inbox\">\n                <div class=\"icon\">\n                    <!-- <i class=\"fas fa-user\"><\/i>-->\n\t\t\t\t\t<img decoding=\"async\" src=\"https:\/\/www.ccblux.com.br\/wp-content\/uploads\/2017\/06\/cropped-CCBLUX2ss-1-32x32.png\">\n                <\/div>\n\t\t\t\t<div class=\"msg-header\">\n                    <p>Voc\u00ea tem certeza que tem um ancestral luxemburgu\u00eas? (escolha abaixo a op\u00e7\u00e3o e clique em ENVIAR)<\/p>\n\t\t\t\t\t\n\t\t\t\t\t<select name=\"q1\" id=\"q1\" onchange=\"javascript:acao();\">\n\t\t\t\t\t\t<option value=\" \"> <\/option>\n\t\t\t\t\t    <option value=\"Tenho certeza!\">Tenho certeza!<\/option>\n\t\t\t\t\t    <option value=\"Tenho parentes que j\u00e1 fizeram!\">Tenho parentes que j\u00e1 fizeram!<\/option>\n\t\t\t\t\t\t<option value=\"Eu acho que sim mas n\u00e3o estou certo\">Eu acho que sim mas n\u00e3o estou certo<\/option>\n\t\t\t\t\t\t<option value=\"N\u00e3o sei\">N\u00e3o sei<\/option>\n\t\t\t\t\t\t<option value=\"N\u00e3o tenho ancestrais luxemburgueses\">N\u00e3o tenho ancestrais luxemburgueses<\/option>\n\t\t\t\t\t\t<option value=\"Posso falar com um assessor?\">Posso falar com um assessor?<\/option>\n\t\t\t\t\t<\/select>\n\t\t\t\t\t\n                <\/div>\n\t\t\t<\/div>\n        <\/div>\n        <div class=\"typing-field\">\n            <div class=\"input-data\">\n                <input id=\"data\" type=\"text\" placeholder=\"Digite aqui ou escolha a op\u00e7\u00e3o.\" required=\"\">\n                <button id=\"send-btn\" style=\"margin: 0;\n    padding: 0;\n    box-sizing: border-box;\n    font-family: 'Poppins', sans-serif;\">Enviar<\/button>\n            <\/div>\n        <\/div>\n    <\/div>\n\n    <script>\n\t\tfunction acao() {\n\t\t\t\/*\n\t\t\talert(\"pto 1\");\n\t\t    alert($(\"#q1\").val());\n\t\t\talert($(\"#data\").val());\n\t\t\t*\/\n\t\t\tif ($(\"#q1\").val() != '') {\n\t\t\t\t$(\"#data\").val($(\"#q1\").val());\n\t\t\t}\n\t\t\t\n\t\t}\n\t\t\n\t    $(function(){\n\t\t\t$('input, textarea').on('keypress', function(e){\n\t\t\t\tif (e.keyCode == 13) {\n\t\t\t\t\te.preventDefault();\n\t\t\t\t$(\"#send-btn\").click();\n\t\t\t\t}\n\t\t\t});\n\t\t});\n        $(document).ready(function(){\n            $(\"#send-btn\").on(\"click\", function(){\n                $value = $(\"#data\").val();\n                $msg = '<div class=\"user-inbox inbox\"><div class=\"msg-header\"><p>'+ $value +'<\/p><\/div><\/div>';\n                $(\".form\").append($msg);\n                $(\"#data\").val('');\n                \n                \/\/ start ajax code\n                $.ajax({\n                    url: 'https:\/\/www.ccblux.com.br\/lulu\/message.php',\n                    type: 'POST',\n                    data: 'text='+$value,\n                    success: function(result){\n\t\t\t\t\t\tif (result.trim() == 'restart') {location.reload()}\n\t\t\t\t\t\tif (result == 'x1') {\n\t\t\t\t\t\t\t$replay = '<div class=\"bot-inbox inbox\"><div class=\"icon\"><img decoding=\"async\" src=\"https:\/\/www.ccblux.com.br\/wp-content\/uploads\/2017\/06\/cropped-CCBLUX2ss-1-32x32.png\"><\/div><div class=\"msg-header\"><p>'+ 'caiu no X1' +'<\/p><\/div><\/div>';\n\t\t\t\t\t\t\t$(\".form\").append($replay);\n\t\t\t\t\t\t\t\/\/ when chat goes down the scroll bar automatically comes to the bottom\n\t\t\t\t\t\t\t$(\".form\").scrollTop($(\".form\")[0].scrollHeight);\n\t\t\t\t\t\t}\n\t\t\t\t\t\telse {\n\t\t\t\t\t\t\t\/*$replay = '<div class=\"bot-inbox inbox\"><div class=\"icon\"><i class=\"fas fa-user\"><\/i><\/div><div class=\"msg-header\">'+ result +'<\/div><\/div>';*\/\n\t\t\t\t\t\t\t$replay = '<div class=\"bot-inbox inbox\"><div class=\"icon\"><img decoding=\"async\" src=\"https:\/\/www.ccblux.com.br\/wp-content\/uploads\/2017\/06\/cropped-CCBLUX2ss-1-32x32.png\"><\/div><div class=\"msg-header\">'+ result + '<\/div><\/div>';\n\t\t\t\t\t\t\t\/*\n\t\t\t\t\t\t\talert(\"pto2\");\n\t\t\t\t\t\t\talert(result);\n\t\t\t\t\t\t\talert($replay);\n\t\t\t\t\t\t\t*\/\n\t\t\t\t\t\t\t$(\".form\").append($replay);\n\t\t\t\t\t\t\t\/\/ when chat goes down the scroll bar automatically comes to the bottom\n\t\t\t\t\t\t\t$(\".form\").scrollTop($(\".form\")[0].scrollHeight);\n\t\t\t\t\t\t}\n                    }\n                });\n\t\t\t\t$(\"#q1\").val('');\n            });\n        });\n    <\/script>\n\n\n\n<p>Copyright \u00a9 2021 CCBLUX Consultoria Ltda<\/p>\n","protected":false},"excerpt":{"rendered":"<p>Ol\u00e1, eu sou a LULU, inicie o diagn\u00f3stico no di\u00e1logo abaixo para ver quais as possibilidades de seu acesso a nacionalidade luxemburguesa. Um caso em especial expirou em 2018, mas dependendo de onde voc\u00ea se enquadra na lei, pode haver possibilidade, j\u00e1 que os demais casos est\u00e3o em aberto ainda. Vamos l\u00e1? Clique aqui para &hellip; <\/p>\n<p class=\"link-more\"><a href=\"https:\/\/www.ccblux.com\/?page_id=749\" class=\"more-link\">Continue lendo<span class=\"screen-reader-text\"> &#8220;Diagn\u00f3stico da Nacionalidade luxemburguesa&#8221;<\/span><\/a><\/p>\n","protected":false},"author":1,"featured_media":0,"parent":0,"menu_order":0,"comment_status":"open","ping_status":"closed","template":"","meta":{"footnotes":""},"class_list":["post-749","page","type-page","status-publish","hentry"],"yoast_head":"<!-- This site is optimized with the Yoast SEO plugin v27.3 - https:\/\/yoast.com\/product\/yoast-seo-wordpress\/ -->\n<title>Diagn\u00f3stico da Nacionalidade luxemburguesa - CCBLUX - Centro Cultural Brasil Luxemburgo<\/title>\n<meta name=\"robots\" content=\"index, follow, max-snippet:-1, max-image-preview:large, max-video-preview:-1\" \/>\n<link rel=\"canonical\" href=\"https:\/\/ccblux.com.br\/?page_id=749\" \/>\n<meta property=\"og:locale\" content=\"pt_BR\" \/>\n<meta property=\"og:type\" content=\"article\" \/>\n<meta property=\"og:title\" content=\"Diagn\u00f3stico da Nacionalidade luxemburguesa - CCBLUX - Centro Cultural Brasil Luxemburgo\" \/>\n<meta property=\"og:description\" content=\"Ol\u00e1, eu sou a LULU, inicie o diagn\u00f3stico no di\u00e1logo abaixo para ver quais as possibilidades de seu acesso a nacionalidade luxemburguesa. Um caso em especial expirou em 2018, mas dependendo de onde voc\u00ea se enquadra na lei, pode haver possibilidade, j\u00e1 que os demais casos est\u00e3o em aberto ainda. Vamos l\u00e1? Clique aqui para &hellip; Continue lendo &quot;Diagn\u00f3stico da Nacionalidade luxemburguesa&quot;\" \/>\n<meta property=\"og:url\" content=\"https:\/\/ccblux.com.br\/?page_id=749\" \/>\n<meta property=\"og:site_name\" content=\"CCBLUX - Centro Cultural Brasil Luxemburgo\" \/>\n<meta property=\"article:publisher\" content=\"https:\/\/www.facebook.com\/CCBLUX\" \/>\n<meta property=\"og:image\" content=\"https:\/\/www.ccblux.com.br\/wp-content\/uploads\/2021\/04\/Lulu-300x300.png\" \/>\n<meta name=\"twitter:card\" content=\"summary_large_image\" \/>\n<meta name=\"twitter:label1\" content=\"Est. tempo de leitura\" \/>\n\t<meta name=\"twitter:data1\" content=\"3 minutos\" \/>\n<script type=\"application\/ld+json\" class=\"yoast-schema-graph\">{\"@context\":\"https:\\\/\\\/schema.org\",\"@graph\":[{\"@type\":\"WebPage\",\"@id\":\"https:\\\/\\\/ccblux.com.br\\\/?page_id=749\",\"url\":\"https:\\\/\\\/ccblux.com.br\\\/?page_id=749\",\"name\":\"Diagn\u00f3stico da Nacionalidade luxemburguesa - CCBLUX - Centro Cultural Brasil Luxemburgo\",\"isPartOf\":{\"@id\":\"https:\\\/\\\/ccblux.com.br\\\/#website\"},\"primaryImageOfPage\":{\"@id\":\"https:\\\/\\\/ccblux.com.br\\\/?page_id=749#primaryimage\"},\"image\":{\"@id\":\"https:\\\/\\\/ccblux.com.br\\\/?page_id=749#primaryimage\"},\"thumbnailUrl\":\"https:\\\/\\\/www.ccblux.com.br\\\/wp-content\\\/uploads\\\/2021\\\/04\\\/Lulu-300x300.png\",\"datePublished\":\"2021-05-08T18:24:29+00:00\",\"breadcrumb\":{\"@id\":\"https:\\\/\\\/ccblux.com.br\\\/?page_id=749#breadcrumb\"},\"inLanguage\":\"pt-BR\",\"potentialAction\":[{\"@type\":\"ReadAction\",\"target\":[\"https:\\\/\\\/ccblux.com.br\\\/?page_id=749\"]}]},{\"@type\":\"ImageObject\",\"inLanguage\":\"pt-BR\",\"@id\":\"https:\\\/\\\/ccblux.com.br\\\/?page_id=749#primaryimage\",\"url\":\"https:\\\/\\\/www.ccblux.com.br\\\/wp-content\\\/uploads\\\/2021\\\/04\\\/Lulu-300x300.png\",\"contentUrl\":\"https:\\\/\\\/www.ccblux.com.br\\\/wp-content\\\/uploads\\\/2021\\\/04\\\/Lulu-300x300.png\"},{\"@type\":\"BreadcrumbList\",\"@id\":\"https:\\\/\\\/ccblux.com.br\\\/?page_id=749#breadcrumb\",\"itemListElement\":[{\"@type\":\"ListItem\",\"position\":1,\"name\":\"In\u00edcio\",\"item\":\"https:\\\/\\\/ccblux.com.br\\\/\"},{\"@type\":\"ListItem\",\"position\":2,\"name\":\"Diagn\u00f3stico da Nacionalidade luxemburguesa\"}]},{\"@type\":\"WebSite\",\"@id\":\"https:\\\/\\\/ccblux.com.br\\\/#website\",\"url\":\"https:\\\/\\\/ccblux.com.br\\\/\",\"name\":\"CCBLUX - Centro Cultural Brasil Luxemburgo\",\"description\":\"Retomando os La\u00e7os com as ra\u00edzes luxemburguesas\",\"publisher\":{\"@id\":\"https:\\\/\\\/ccblux.com.br\\\/#organization\"},\"potentialAction\":[{\"@type\":\"SearchAction\",\"target\":{\"@type\":\"EntryPoint\",\"urlTemplate\":\"https:\\\/\\\/ccblux.com.br\\\/?s={search_term_string}\"},\"query-input\":{\"@type\":\"PropertyValueSpecification\",\"valueRequired\":true,\"valueName\":\"search_term_string\"}}],\"inLanguage\":\"pt-BR\"},{\"@type\":\"Organization\",\"@id\":\"https:\\\/\\\/ccblux.com.br\\\/#organization\",\"name\":\"CCBLUX Consultoria Ltda\",\"url\":\"https:\\\/\\\/ccblux.com.br\\\/\",\"logo\":{\"@type\":\"ImageObject\",\"inLanguage\":\"pt-BR\",\"@id\":\"https:\\\/\\\/ccblux.com.br\\\/#\\\/schema\\\/logo\\\/image\\\/\",\"url\":\"https:\\\/\\\/www.ccblux.com.br\\\/wp-content\\\/uploads\\\/2017\\\/06\\\/CCBLUX2ss.png\",\"contentUrl\":\"https:\\\/\\\/www.ccblux.com.br\\\/wp-content\\\/uploads\\\/2017\\\/06\\\/CCBLUX2ss.png\",\"width\":111,\"height\":131,\"caption\":\"CCBLUX Consultoria Ltda\"},\"image\":{\"@id\":\"https:\\\/\\\/ccblux.com.br\\\/#\\\/schema\\\/logo\\\/image\\\/\"},\"sameAs\":[\"https:\\\/\\\/www.facebook.com\\\/CCBLUX\"]}]}<\/script>\n<!-- \/ Yoast SEO plugin. -->","yoast_head_json":{"title":"Diagn\u00f3stico da Nacionalidade luxemburguesa - CCBLUX - Centro Cultural Brasil Luxemburgo","robots":{"index":"index","follow":"follow","max-snippet":"max-snippet:-1","max-image-preview":"max-image-preview:large","max-video-preview":"max-video-preview:-1"},"canonical":"https:\/\/ccblux.com.br\/?page_id=749","og_locale":"pt_BR","og_type":"article","og_title":"Diagn\u00f3stico da Nacionalidade luxemburguesa - CCBLUX - Centro Cultural Brasil Luxemburgo","og_description":"Ol\u00e1, eu sou a LULU, inicie o diagn\u00f3stico no di\u00e1logo abaixo para ver quais as possibilidades de seu acesso a nacionalidade luxemburguesa. Um caso em especial expirou em 2018, mas dependendo de onde voc\u00ea se enquadra na lei, pode haver possibilidade, j\u00e1 que os demais casos est\u00e3o em aberto ainda. Vamos l\u00e1? Clique aqui para &hellip; Continue lendo \"Diagn\u00f3stico da Nacionalidade luxemburguesa\"","og_url":"https:\/\/ccblux.com.br\/?page_id=749","og_site_name":"CCBLUX - Centro Cultural Brasil Luxemburgo","article_publisher":"https:\/\/www.facebook.com\/CCBLUX","og_image":[{"url":"https:\/\/www.ccblux.com.br\/wp-content\/uploads\/2021\/04\/Lulu-300x300.png","type":"","width":"","height":""}],"twitter_card":"summary_large_image","twitter_misc":{"Est. tempo de leitura":"3 minutos"},"schema":{"@context":"https:\/\/schema.org","@graph":[{"@type":"WebPage","@id":"https:\/\/ccblux.com.br\/?page_id=749","url":"https:\/\/ccblux.com.br\/?page_id=749","name":"Diagn\u00f3stico da Nacionalidade luxemburguesa - CCBLUX - Centro Cultural Brasil Luxemburgo","isPartOf":{"@id":"https:\/\/ccblux.com.br\/#website"},"primaryImageOfPage":{"@id":"https:\/\/ccblux.com.br\/?page_id=749#primaryimage"},"image":{"@id":"https:\/\/ccblux.com.br\/?page_id=749#primaryimage"},"thumbnailUrl":"https:\/\/www.ccblux.com.br\/wp-content\/uploads\/2021\/04\/Lulu-300x300.png","datePublished":"2021-05-08T18:24:29+00:00","breadcrumb":{"@id":"https:\/\/ccblux.com.br\/?page_id=749#breadcrumb"},"inLanguage":"pt-BR","potentialAction":[{"@type":"ReadAction","target":["https:\/\/ccblux.com.br\/?page_id=749"]}]},{"@type":"ImageObject","inLanguage":"pt-BR","@id":"https:\/\/ccblux.com.br\/?page_id=749#primaryimage","url":"https:\/\/www.ccblux.com.br\/wp-content\/uploads\/2021\/04\/Lulu-300x300.png","contentUrl":"https:\/\/www.ccblux.com.br\/wp-content\/uploads\/2021\/04\/Lulu-300x300.png"},{"@type":"BreadcrumbList","@id":"https:\/\/ccblux.com.br\/?page_id=749#breadcrumb","itemListElement":[{"@type":"ListItem","position":1,"name":"In\u00edcio","item":"https:\/\/ccblux.com.br\/"},{"@type":"ListItem","position":2,"name":"Diagn\u00f3stico da Nacionalidade luxemburguesa"}]},{"@type":"WebSite","@id":"https:\/\/ccblux.com.br\/#website","url":"https:\/\/ccblux.com.br\/","name":"CCBLUX - Centro Cultural Brasil Luxemburgo","description":"Retomando os La\u00e7os com as ra\u00edzes luxemburguesas","publisher":{"@id":"https:\/\/ccblux.com.br\/#organization"},"potentialAction":[{"@type":"SearchAction","target":{"@type":"EntryPoint","urlTemplate":"https:\/\/ccblux.com.br\/?s={search_term_string}"},"query-input":{"@type":"PropertyValueSpecification","valueRequired":true,"valueName":"search_term_string"}}],"inLanguage":"pt-BR"},{"@type":"Organization","@id":"https:\/\/ccblux.com.br\/#organization","name":"CCBLUX Consultoria Ltda","url":"https:\/\/ccblux.com.br\/","logo":{"@type":"ImageObject","inLanguage":"pt-BR","@id":"https:\/\/ccblux.com.br\/#\/schema\/logo\/image\/","url":"https:\/\/www.ccblux.com.br\/wp-content\/uploads\/2017\/06\/CCBLUX2ss.png","contentUrl":"https:\/\/www.ccblux.com.br\/wp-content\/uploads\/2017\/06\/CCBLUX2ss.png","width":111,"height":131,"caption":"CCBLUX Consultoria Ltda"},"image":{"@id":"https:\/\/ccblux.com.br\/#\/schema\/logo\/image\/"},"sameAs":["https:\/\/www.facebook.com\/CCBLUX"]}]}},"_links":{"self":[{"href":"https:\/\/www.ccblux.com\/index.php?rest_route=\/wp\/v2\/pages\/749","targetHints":{"allow":["GET"]}}],"collection":[{"href":"https:\/\/www.ccblux.com\/index.php?rest_route=\/wp\/v2\/pages"}],"about":[{"href":"https:\/\/www.ccblux.com\/index.php?rest_route=\/wp\/v2\/types\/page"}],"author":[{"embeddable":true,"href":"https:\/\/www.ccblux.com\/index.php?rest_route=\/wp\/v2\/users\/1"}],"replies":[{"embeddable":true,"href":"https:\/\/www.ccblux.com\/index.php?rest_route=%2Fwp%2Fv2%2Fcomments&post=749"}],"version-history":[{"count":42,"href":"https:\/\/www.ccblux.com\/index.php?rest_route=\/wp\/v2\/pages\/749\/revisions"}],"predecessor-version":[{"id":1021,"href":"https:\/\/www.ccblux.com\/index.php?rest_route=\/wp\/v2\/pages\/749\/revisions\/1021"}],"wp:attachment":[{"href":"https:\/\/www.ccblux.com\/index.php?rest_route=%2Fwp%2Fv2%2Fmedia&parent=749"}],"curies":[{"name":"wp","href":"https:\/\/api.w.org\/{rel}","templated":true}]}}