{"id":623,"date":"2021-01-18T14:48:15","date_gmt":"2021-01-18T17:48:15","guid":{"rendered":"https:\/\/ccblux.com\/?page_id=623"},"modified":"2026-02-11T16:52:06","modified_gmt":"2026-02-11T19:52:06","slug":"quais-sao-as-familias-luxemburguesas-do-brasil","status":"publish","type":"page","link":"https:\/\/www.ccblux.com\/?page_id=623","title":{"rendered":"Quais s\u00e3o as fam\u00edlias luxemburguesas do Brasil?"},"content":{"rendered":"\r\n<p>Com base no <a href=\"https:\/\/www.cidadanialuxemburguesa.com.br\/atlas\">Atlas dos imigrantes luxemburgueses do Brasil<\/a> esta \u00e9 a lista das fam\u00edlias dos imigrantes comprovadamente luxemburgueses que vieram para o Brasil. Colocamos o nome das esposas para que n\u00e3o seja confundido com um hom\u00f4nimo. Se seus ancestrais coincidirem com a lista abaixo, voc\u00ea pode talvez ainda ter a possibilidade de pedir a nacionalidade, fale conosco caso perceba seu ancestral na lista abaixo.<\/p>\r\n\r\n\r\n\r\n<p><em>Nota: lista n\u00e3o definitiva , podem existir ainda fam\u00edlias n\u00e3o mapeadas que ser\u00e3o atualizadas.<\/em><\/p>\r\n\r\n\r\n\r\n<h2 class=\"wp-block-heading\">Lista alfab\u00e9tica dos Imigrantes pelo Sobrenome com a esposa(o) ao lado<\/h2>\r\n\r\n\r\n\r\n<p>Alff \/ Jean Baptiste&nbsp;oo&nbsp;<em>Marguerite Ney<\/em><\/p>\r\n\r\n\r\n\r\n<p>Alff \/ Johannes&nbsp;oo&nbsp;<em>Elisabeth Weber<\/em><\/p>\r\n\r\n\r\n\r\n<p>Angeli \/ Paul Joseph&nbsp;oo&nbsp;<em>Maria Bragatto Angeli<\/em><\/p>\r\n\r\n\r\n\r\n<p>Bauler \/ Guillaume&nbsp;oo&nbsp;<em>Catherine Lanser<\/em><\/p>\r\n\r\n\r\n\r\n<p>Becker\/ Johann Heinrich oo Candida Graff<\/p>\r\n\r\n\r\n\r\n<p>Befort \/ Joannes&nbsp;oo&nbsp;<em>Anna Maria Maes<\/em><\/p>\r\n\r\n\r\n\r\n<p>Bertemes \/ Stephan&nbsp;oo&nbsp;<em>Othilia Margaretha Hesse<\/em><\/p>\r\n\r\n\r\n\r\n<p>Bley \/ Nicolas&nbsp;oo&nbsp;<em>Izabel Guebert<\/em><\/p>\r\n\r\n\r\n\r\n<p>Bourscheid \/ Martin&nbsp;oo&nbsp;<em>Anne Marie Funck<\/em><\/p>\r\n\r\n\r\n\r\n<p>Bourscheid \/ Theodor&nbsp;oo&nbsp;<em>Suzanne Dichter<\/em><\/p>\r\n\r\n\r\n\r\n<p>Br\u00fcck \/ Alphons Peter&nbsp;oo&nbsp;<em>Maria Carolina Gaeldner<\/em><\/p>\r\n\r\n\r\n\r\n<p>Burckard \/ Christophorus&nbsp;oo&nbsp;<em>Elisabetha Michels<\/em><\/p>\r\n\r\n\r\n\r\n<p>Colling \/ Gregoire&nbsp;oo&nbsp;<em>Christina Bremm<\/em><\/p>\r\n\r\n\r\n\r\n<p>Dahlen (Bettendorf) \/ Catharina&nbsp;oo&nbsp;<em>Jean Dahlem<\/em><\/p>\r\n\r\n\r\n\r\n<p>Decker \/ Nicolas&nbsp;oo&nbsp;<em>Marie Deiskes<\/em><\/p>\r\n\r\n\r\n\r\n<p>Entringer \/ Heinrich&nbsp;oo&nbsp;<em>Catharina Holback<\/em><\/p>\r\n\r\n\r\n\r\n<p>Ewen \/ Christoph&nbsp;oo&nbsp;<em>Maria do Espirito Santo Ferraz Ewen<\/em><\/p>\r\n\r\n\r\n\r\n<p>Feil \/ Johannes&nbsp;oo&nbsp;<em>Maria Bitsch<\/em><\/p>\r\n\r\n\r\n\r\n<p>Gommes (Jumes) \/ Nicolas&nbsp;oo&nbsp;<em>Maria Gils<\/em><\/p>\r\n\r\n\r\n\r\n<p>Gonnering \/ Peter&nbsp;oo&nbsp;<em>Susanna Neu<\/em><\/p>\r\n\r\n\r\n\r\n<p>Gras \/ Ernest Joseph Albert&nbsp;oo&nbsp;<em>Clara Peppes<\/em><\/p>\r\n\r\n\r\n\r\n<p>Grein \/ Peter&nbsp;oo&nbsp;<em>Angela Ernzen<\/em><\/p>\r\n\r\n\r\n\r\n<p>Greisch \/ Nicolas&nbsp;oo&nbsp;<em>Susanna Weiss<\/em><\/p>\r\n\r\n\r\n\r\n<p>Haag \/ Jean Nicolas&nbsp;oo&nbsp;<em>Catharina Meyer<\/em><\/p>\r\n\r\n\r\n\r\n<p>Heiderscheid \/ Andreas&nbsp;oo&nbsp;<em>Therese Reuter<\/em><\/p>\r\n\r\n\r\n\r\n<p>Hermann \/ Wilhelm&nbsp;oo&nbsp;<em>Anne Marie Weis<\/em><\/p>\r\n\r\n\r\n\r\n<p>Hoffmann \/ August&nbsp;oo&nbsp;<em>Maria Luiza Erhardt<\/em><\/p>\r\n\r\n\r\n\r\n<p>Hoffmann \/ Jakob&nbsp;oo&nbsp;<em>1) Laurentina Cardoso e 2) Luci Vieira<\/em><\/p>\r\n\r\n\r\n\r\n<p>Hugueney \/ Carl Theodor Joseph Simon&nbsp;oo&nbsp;<em>Maria Francisca Bulh\u00f5es<\/em><\/p>\r\n\r\n\r\n\r\n<p>Janson \/ Jean&nbsp;oo&nbsp;<em>Josefina Araujo<\/em><\/p>\r\n\r\n\r\n\r\n<p>Jeantiy (Kamer) \/ Anne&nbsp;oo&nbsp;<em>Matias Kammer<\/em><\/p>\r\n\r\n\r\n\r\n<p>Juttel \/ Joseph&nbsp;oo&nbsp;<em>Catherine Molitor<\/em><\/p>\r\n\r\n\r\n\r\n<p>Kahn \/ Bernard&nbsp;oo&nbsp;<em>Johanna Gottlieb<\/em><\/p>\r\n\r\n\r\n\r\n<p>Kammers \/ Theodor&nbsp;oo&nbsp;<em>Suzanne Meintz<\/em><\/p>\r\n\r\n\r\n\r\n<p>Kapp \/ Anton&nbsp;oo<\/p>\r\n\r\n\r\n\r\n<p>Kapp \/ Nicolas&nbsp;oo&nbsp;<em>Margaretha Flammang<\/em><\/p>\r\n\r\n\r\n\r\n<p>Kauffman \/ Guillaume&nbsp;oo&nbsp;<em>Ane Marie Lentz<\/em><\/p>\r\n\r\n\r\n\r\n<p>Kaufman \/ Peter&nbsp;oo&nbsp;<em>Ernestina Kaufmann<\/em><\/p>\r\n\r\n\r\n\r\n<p>Kempener \/ Mathias&nbsp;oo&nbsp;<em>Catharina Grotius<\/em><\/p>\r\n\r\n\r\n\r\n<p>Kinnen \/ Mathias&nbsp;oo&nbsp;<em>Catharina Engler<\/em><\/p>\r\n\r\n\r\n\r\n<p>Kirbag (Kirbach) \/ Joannes&nbsp;oo&nbsp;<em>Dorothea Kiefer<\/em><\/p>\r\n\r\n\r\n\r\n<p>Kleis \/ Paulus&nbsp;oo&nbsp;<em>Ernestina Werner<\/em><\/p>\r\n\r\n\r\n\r\n<p>Koch \/ Nicolas&nbsp;oo&nbsp;<em>Marguerite Bachemes (1 esposa)<\/em><\/p>\r\n\r\n\r\n\r\n<p>Koch \/ Petrus&nbsp;oo&nbsp;<em>Elisabeth Decker<\/em><\/p>\r\n\r\n\r\n\r\n<p>Kraus \/ Franz&nbsp;oo&nbsp;<em>Elisabetha Metzdorf<\/em><\/p>\r\n\r\n\r\n\r\n<p>Krauss \/ Mathias&nbsp;oo&nbsp;<em>Eva Stephane<\/em><\/p>\r\n\r\n\r\n\r\n<p>Kunsch \/ Peter&nbsp;oo&nbsp;<em>Anna Maria Kunsch<\/em><\/p>\r\n\r\n\r\n\r\n<p>Kuntgen \/ Emil&nbsp;oo&nbsp;<em>Orminda da Concei\u00e7\u00e3o<\/em><\/p>\r\n\r\n\r\n\r\n<p>Kurth \/ Johann-Josef&nbsp;oo&nbsp;<em>Paulina da Paz<\/em><\/p>\r\n\r\n\r\n\r\n<p>Leichner \/ Charllote&nbsp;oo<\/p>\r\n\r\n\r\n\r\n<p>Loeven \/ Johan&nbsp;oo&nbsp;<em>1) Katharina Bruch 2) Catharina Heckmann<\/em><\/p>\r\n\r\n\r\n\r\n<p>Lunkes \/ Cristoph&nbsp;oo&nbsp;<em>Elisabetha Schadeck<\/em><\/p>\r\n\r\n\r\n\r\n<p>Mannes \/ Georg&nbsp;oo&nbsp;<em>Mariana Massman-2\/Anna Barbara Schmitz-1<\/em><\/p>\r\n\r\n\r\n\r\n<p>Mannes \/ Nicolas&nbsp;oo&nbsp;<em>Anna Maria Werner<\/em><\/p>\r\n\r\n\r\n\r\n<p>May \/ Jacob&nbsp;oo&nbsp;<em>Anne Marie Troes<\/em><\/p>\r\n\r\n\r\n\r\n<p>May \/ Paul&nbsp;oo&nbsp;<em>Marie Lentz<\/em><\/p>\r\n\r\n\r\n\r\n<p>Meyer \/ Joseph&nbsp;oo&nbsp;<em>Marie Catherine Willwert<\/em><\/p>\r\n\r\n\r\n\r\n<p>Mompach \/ Mathias&nbsp;oo&nbsp;<em>Anne Maria Diederich<\/em><\/p>\r\n\r\n\r\n\r\n<p>Muller \/ Johann&nbsp;oo&nbsp;<em>Anna Schwerz<\/em><\/p>\r\n\r\n\r\n\r\n<p>Muller \/ Mathias&nbsp;oo&nbsp;<em>Elisabeth Schilling<\/em><\/p>\r\n\r\n\r\n\r\n<p>Olinger \/ Johannes&nbsp;oo&nbsp;<em>Marguerite Lentz<\/em><\/p>\r\n\r\n\r\n\r\n<p>Pierrard \/ Dominique&nbsp;oo&nbsp;<em>Regina Metior<\/em><\/p>\r\n\r\n\r\n\r\n<p>Pierret \/ Dominique&nbsp;oo&nbsp;<em>Anne Marie Storck<\/em><\/p>\r\n\r\n\r\n\r\n<p>Pierring \/ Bernard&nbsp;oo&nbsp;<em>Maria Anna Conradi<\/em><\/p>\r\n\r\n\r\n\r\n<p>Prommenschenkel \/ Nicolas&nbsp;oo&nbsp;<em>Margaretha Bromenschenkel<\/em><\/p>\r\n\r\n\r\n\r\n<p>Raeder \/ Carl Emil&nbsp;oo&nbsp;<em>Paula Schwarzer<\/em><\/p>\r\n\r\n\r\n\r\n<p>Raeder \/ Reinold Robert Phil. Alb.&nbsp;oo&nbsp;<em>Elisabeth Theophanie Jerusalem<\/em><\/p>\r\n\r\n\r\n\r\n<p>Reisen \/ Christoph&nbsp;oo&nbsp;<em>Anna Shuler<\/em><\/p>\r\n\r\n\r\n\r\n<p>Reuter \/ Heinrich&nbsp;oo&nbsp;<em>Katharina Kunzer<\/em><\/p>\r\n\r\n\r\n\r\n<p>Reuter \/ Nicolas&nbsp;oo&nbsp;<em>Izabel Schumacher<\/em><\/p>\r\n\r\n\r\n\r\n<p>Roden \/ Mathias&nbsp;oo&nbsp;<em>Anna Schock<\/em><\/p>\r\n\r\n\r\n\r\n<p>Royer \/ Wilhelm&nbsp;oo&nbsp;<em>Marie Anne Weyrich<\/em><\/p>\r\n\r\n\r\n\r\n<p>Schaefer \/ Mathias&nbsp;oo&nbsp;<em>Barbara Schaefer<\/em><\/p>\r\n\r\n\r\n\r\n<p>Schappo \/ Michel&nbsp;oo&nbsp;<em>Anne Marie Jacoby<\/em><\/p>\r\n\r\n\r\n\r\n<p>Schmit \/ Louis&nbsp;oo&nbsp;<em>Maria Reuter<\/em><\/p>\r\n\r\n\r\n\r\n<p>Schmitt \/ Nicolas&nbsp;oo&nbsp;<em>Marie Schadeck<\/em><\/p>\r\n\r\n\r\n\r\n<p>Schroeder \/ Jean Ignace&nbsp;oo&nbsp;<em>Anna Schappo<\/em><\/p>\r\n\r\n\r\n\r\n<p>Schulze \/ Herrmann Andreas Robert&nbsp;oo&nbsp;<em>Edith Kopp<\/em><\/p>\r\n\r\n\r\n\r\n<p>Schwinden \/ Mathias&nbsp;oo&nbsp;<em>Maria Margaretha Haas<\/em><\/p>\r\n\r\n\r\n\r\n<p>Simmer \/ Bernard&nbsp;oo&nbsp;<em>Magdalena Kohlberger<\/em><\/p>\r\n\r\n\r\n\r\n<p>Simon \/ Peter&nbsp;oo&nbsp;<em>Anna Maria Metzdorf<\/em><\/p>\r\n\r\n\r\n\r\n<p>Sontag \/ Charles&nbsp;oo&nbsp;<em>Anna Krall<\/em><\/p>\r\n\r\n\r\n\r\n<p>Steil \/ Peter&nbsp;oo&nbsp;<em>Umbelina Maria Coelho Gomes<\/em><\/p>\r\n\r\n\r\n\r\n<p>Stein \/ Johannes&nbsp;oo&nbsp;<em>Infancia Rosa da Conceicao<\/em><\/p>\r\n\r\n\r\n\r\n<p>Stresser \/ Johan&nbsp;oo&nbsp;<em>Suzanne Reuter (1) e Clara Ketter (2)<\/em><\/p>\r\n\r\n\r\n\r\n<p>Theisen \/ Hilarius&nbsp;oo&nbsp;<em>marie Cahterine Grotius<\/em><\/p>\r\n\r\n\r\n\r\n<p>Theisges \/ Leonard&nbsp;oo&nbsp;<em>Maria Weber<\/em><\/p>\r\n\r\n\r\n\r\n<p>Thill \/ Wilhelm&nbsp;oo&nbsp;<em>Margarida Tranfler<\/em><\/p>\r\n\r\n\r\n\r\n<p>Tholl \/ Franz&nbsp;oo&nbsp;<em>Elisabetha Gilz<\/em><\/p>\r\n\r\n\r\n\r\n<p>Trausch \/ Michel&nbsp;oo&nbsp;<em>Margaretha Wagener<\/em><\/p>\r\n\r\n\r\n\r\n<p>Turnes \/ Peter&nbsp;oo&nbsp;<em>Catharina Nau<\/em><\/p>\r\n\r\n\r\n\r\n<p>Vinandy \/ Jean&nbsp;oo&nbsp;<em>Maria Baulesch<\/em><\/p>\r\n\r\n\r\n\r\n<p>Wathier \/ Nicolas&nbsp;oo&nbsp;<em>Anna Maria Elisabeth Pint<\/em><\/p>\r\n\r\n\r\n\r\n<p>Weber \/ Anna Catharina&nbsp;oo&nbsp;<em>Guilherme Hartmann<\/em><\/p>\r\n\r\n\r\n\r\n<p>Weber \/ Johannes&nbsp;oo&nbsp;<em>Marie Catherine Theis<\/em><\/p>\r\n\r\n\r\n\r\n<p>Wengler \/ Mathias&nbsp;oo&nbsp;<em>Gertrude Freilinger<\/em><\/p>\r\n\r\n\r\n\r\n<p>Wild \/ Nicolas&nbsp;oo&nbsp;<em>Katharina Fuchs<\/em><\/p>\r\n\r\n\r\n\r\n<p>Wilmes \/ Michel&nbsp;oo&nbsp;<em>Petronella Glaude<\/em><\/p>\r\n\r\n\r\n\r\n<p>Wiltgen \/ Peter&nbsp;oo&nbsp;<em>Catherine Arend<\/em><\/p>\r\n\r\n\r\n\r\n<p>Wiltgen \/ Pierre&nbsp;oo&nbsp;<em>Barbara Knapp<\/em><\/p>\r\n\r\n\r\n\r\n<p>Wilvert \/ Valentin&nbsp;oo&nbsp;<em>Therese Meier<\/em><\/p>\r\n\r\n\r\n\r\n<p>Zimmer \/ Johann&nbsp;oo&nbsp;<em>Elisabeth Classen<\/em><\/p>\r\n\r\n\r\n\r\n<p>Zwang \/ Carl&nbsp;oo&nbsp;<em>Anna Reuter<\/em><\/p>\r\n\r\n\r\n\r\n<p><\/p>\r\n\r\n\r\n\r\n<!-- \r\n<iframe loading=\"lazy\" id=\"familias\" name=\"familias\" src=\"imigr.php\" noresize=\"noresize\" scrolling=\"auto\" style=\"border:none;\" width=\"100%\" height=\"400\">\r\n<\/iframe>\r\n-->\r\n","protected":false},"excerpt":{"rendered":"<p>Com base no Atlas dos imigrantes luxemburgueses do Brasil esta \u00e9 a lista das fam\u00edlias dos imigrantes comprovadamente luxemburgueses que vieram para o Brasil. Colocamos o nome das esposas para que n\u00e3o seja confundido com um hom\u00f4nimo. Se seus ancestrais coincidirem com a lista abaixo, voc\u00ea pode talvez ainda ter a possibilidade de pedir a &hellip; <\/p>\n<p class=\"link-more\"><a href=\"https:\/\/www.ccblux.com\/?page_id=623\" class=\"more-link\">Continue lendo<span class=\"screen-reader-text\"> &#8220;Quais s\u00e3o as fam\u00edlias luxemburguesas do Brasil?&#8221;<\/span><\/a><\/p>\n","protected":false},"author":1,"featured_media":0,"parent":0,"menu_order":0,"comment_status":"closed","ping_status":"closed","template":"","meta":{"footnotes":""},"class_list":["post-623","page","type-page","status-publish","hentry"],"yoast_head":"<!-- This site is optimized with the Yoast SEO plugin v27.3 - https:\/\/yoast.com\/product\/yoast-seo-wordpress\/ -->\n<title>Quais s\u00e3o as fam\u00edlias luxemburguesas do Brasil? - CCBLUX - Centro Cultural Brasil Luxemburgo<\/title>\n<meta name=\"robots\" content=\"index, follow, max-snippet:-1, max-image-preview:large, max-video-preview:-1\" \/>\n<link rel=\"canonical\" href=\"https:\/\/www.ccblux.com.br\/?page_id=623\" \/>\n<meta property=\"og:locale\" content=\"pt_BR\" \/>\n<meta property=\"og:type\" content=\"article\" \/>\n<meta property=\"og:title\" content=\"Quais s\u00e3o as fam\u00edlias luxemburguesas do Brasil? - CCBLUX - Centro Cultural Brasil Luxemburgo\" \/>\n<meta property=\"og:description\" content=\"Com base no Atlas dos imigrantes luxemburgueses do Brasil esta \u00e9 a lista das fam\u00edlias dos imigrantes comprovadamente luxemburgueses que vieram para o Brasil. Colocamos o nome das esposas para que n\u00e3o seja confundido com um hom\u00f4nimo. Se seus ancestrais coincidirem com a lista abaixo, voc\u00ea pode talvez ainda ter a possibilidade de pedir a &hellip; Continue lendo &quot;Quais s\u00e3o as fam\u00edlias luxemburguesas do Brasil?&quot;\" \/>\n<meta property=\"og:url\" content=\"https:\/\/www.ccblux.com.br\/?page_id=623\" \/>\n<meta property=\"og:site_name\" content=\"CCBLUX - Centro Cultural Brasil Luxemburgo\" \/>\n<meta property=\"article:publisher\" content=\"https:\/\/www.facebook.com\/CCBLUX\" \/>\n<meta property=\"article:modified_time\" content=\"2026-02-11T19:52:06+00:00\" \/>\n<meta name=\"twitter:card\" content=\"summary_large_image\" \/>\n<meta name=\"twitter:label1\" content=\"Est. tempo de leitura\" \/>\n\t<meta name=\"twitter:data1\" content=\"5 minutos\" \/>\n<script type=\"application\/ld+json\" class=\"yoast-schema-graph\">{\"@context\":\"https:\\\/\\\/schema.org\",\"@graph\":[{\"@type\":\"WebPage\",\"@id\":\"https:\\\/\\\/www.ccblux.com.br\\\/?page_id=623\",\"url\":\"https:\\\/\\\/www.ccblux.com.br\\\/?page_id=623\",\"name\":\"Quais s\u00e3o as fam\u00edlias luxemburguesas do Brasil? - CCBLUX - Centro Cultural Brasil Luxemburgo\",\"isPartOf\":{\"@id\":\"https:\\\/\\\/ccblux.com.br\\\/#website\"},\"datePublished\":\"2021-01-18T17:48:15+00:00\",\"dateModified\":\"2026-02-11T19:52:06+00:00\",\"breadcrumb\":{\"@id\":\"https:\\\/\\\/www.ccblux.com.br\\\/?page_id=623#breadcrumb\"},\"inLanguage\":\"pt-BR\",\"potentialAction\":[{\"@type\":\"ReadAction\",\"target\":[\"https:\\\/\\\/www.ccblux.com.br\\\/?page_id=623\"]}]},{\"@type\":\"BreadcrumbList\",\"@id\":\"https:\\\/\\\/www.ccblux.com.br\\\/?page_id=623#breadcrumb\",\"itemListElement\":[{\"@type\":\"ListItem\",\"position\":1,\"name\":\"In\u00edcio\",\"item\":\"https:\\\/\\\/ccblux.com.br\\\/\"},{\"@type\":\"ListItem\",\"position\":2,\"name\":\"Quais s\u00e3o as fam\u00edlias luxemburguesas do Brasil?\"}]},{\"@type\":\"WebSite\",\"@id\":\"https:\\\/\\\/ccblux.com.br\\\/#website\",\"url\":\"https:\\\/\\\/ccblux.com.br\\\/\",\"name\":\"CCBLUX - Centro Cultural Brasil Luxemburgo\",\"description\":\"Retomando os La\u00e7os com as ra\u00edzes luxemburguesas\",\"publisher\":{\"@id\":\"https:\\\/\\\/ccblux.com.br\\\/#organization\"},\"potentialAction\":[{\"@type\":\"SearchAction\",\"target\":{\"@type\":\"EntryPoint\",\"urlTemplate\":\"https:\\\/\\\/ccblux.com.br\\\/?s={search_term_string}\"},\"query-input\":{\"@type\":\"PropertyValueSpecification\",\"valueRequired\":true,\"valueName\":\"search_term_string\"}}],\"inLanguage\":\"pt-BR\"},{\"@type\":\"Organization\",\"@id\":\"https:\\\/\\\/ccblux.com.br\\\/#organization\",\"name\":\"CCBLUX Consultoria Ltda\",\"url\":\"https:\\\/\\\/ccblux.com.br\\\/\",\"logo\":{\"@type\":\"ImageObject\",\"inLanguage\":\"pt-BR\",\"@id\":\"https:\\\/\\\/ccblux.com.br\\\/#\\\/schema\\\/logo\\\/image\\\/\",\"url\":\"https:\\\/\\\/www.ccblux.com.br\\\/wp-content\\\/uploads\\\/2017\\\/06\\\/CCBLUX2ss.png\",\"contentUrl\":\"https:\\\/\\\/www.ccblux.com.br\\\/wp-content\\\/uploads\\\/2017\\\/06\\\/CCBLUX2ss.png\",\"width\":111,\"height\":131,\"caption\":\"CCBLUX Consultoria Ltda\"},\"image\":{\"@id\":\"https:\\\/\\\/ccblux.com.br\\\/#\\\/schema\\\/logo\\\/image\\\/\"},\"sameAs\":[\"https:\\\/\\\/www.facebook.com\\\/CCBLUX\"]}]}<\/script>\n<!-- \/ Yoast SEO plugin. -->","yoast_head_json":{"title":"Quais s\u00e3o as fam\u00edlias luxemburguesas do Brasil? - CCBLUX - Centro Cultural Brasil Luxemburgo","robots":{"index":"index","follow":"follow","max-snippet":"max-snippet:-1","max-image-preview":"max-image-preview:large","max-video-preview":"max-video-preview:-1"},"canonical":"https:\/\/www.ccblux.com.br\/?page_id=623","og_locale":"pt_BR","og_type":"article","og_title":"Quais s\u00e3o as fam\u00edlias luxemburguesas do Brasil? - CCBLUX - Centro Cultural Brasil Luxemburgo","og_description":"Com base no Atlas dos imigrantes luxemburgueses do Brasil esta \u00e9 a lista das fam\u00edlias dos imigrantes comprovadamente luxemburgueses que vieram para o Brasil. Colocamos o nome das esposas para que n\u00e3o seja confundido com um hom\u00f4nimo. Se seus ancestrais coincidirem com a lista abaixo, voc\u00ea pode talvez ainda ter a possibilidade de pedir a &hellip; Continue lendo \"Quais s\u00e3o as fam\u00edlias luxemburguesas do Brasil?\"","og_url":"https:\/\/www.ccblux.com.br\/?page_id=623","og_site_name":"CCBLUX - Centro Cultural Brasil Luxemburgo","article_publisher":"https:\/\/www.facebook.com\/CCBLUX","article_modified_time":"2026-02-11T19:52:06+00:00","twitter_card":"summary_large_image","twitter_misc":{"Est. tempo de leitura":"5 minutos"},"schema":{"@context":"https:\/\/schema.org","@graph":[{"@type":"WebPage","@id":"https:\/\/www.ccblux.com.br\/?page_id=623","url":"https:\/\/www.ccblux.com.br\/?page_id=623","name":"Quais s\u00e3o as fam\u00edlias luxemburguesas do Brasil? - CCBLUX - Centro Cultural Brasil Luxemburgo","isPartOf":{"@id":"https:\/\/ccblux.com.br\/#website"},"datePublished":"2021-01-18T17:48:15+00:00","dateModified":"2026-02-11T19:52:06+00:00","breadcrumb":{"@id":"https:\/\/www.ccblux.com.br\/?page_id=623#breadcrumb"},"inLanguage":"pt-BR","potentialAction":[{"@type":"ReadAction","target":["https:\/\/www.ccblux.com.br\/?page_id=623"]}]},{"@type":"BreadcrumbList","@id":"https:\/\/www.ccblux.com.br\/?page_id=623#breadcrumb","itemListElement":[{"@type":"ListItem","position":1,"name":"In\u00edcio","item":"https:\/\/ccblux.com.br\/"},{"@type":"ListItem","position":2,"name":"Quais s\u00e3o as fam\u00edlias luxemburguesas do Brasil?"}]},{"@type":"WebSite","@id":"https:\/\/ccblux.com.br\/#website","url":"https:\/\/ccblux.com.br\/","name":"CCBLUX - Centro Cultural Brasil Luxemburgo","description":"Retomando os La\u00e7os com as ra\u00edzes luxemburguesas","publisher":{"@id":"https:\/\/ccblux.com.br\/#organization"},"potentialAction":[{"@type":"SearchAction","target":{"@type":"EntryPoint","urlTemplate":"https:\/\/ccblux.com.br\/?s={search_term_string}"},"query-input":{"@type":"PropertyValueSpecification","valueRequired":true,"valueName":"search_term_string"}}],"inLanguage":"pt-BR"},{"@type":"Organization","@id":"https:\/\/ccblux.com.br\/#organization","name":"CCBLUX Consultoria Ltda","url":"https:\/\/ccblux.com.br\/","logo":{"@type":"ImageObject","inLanguage":"pt-BR","@id":"https:\/\/ccblux.com.br\/#\/schema\/logo\/image\/","url":"https:\/\/www.ccblux.com.br\/wp-content\/uploads\/2017\/06\/CCBLUX2ss.png","contentUrl":"https:\/\/www.ccblux.com.br\/wp-content\/uploads\/2017\/06\/CCBLUX2ss.png","width":111,"height":131,"caption":"CCBLUX Consultoria Ltda"},"image":{"@id":"https:\/\/ccblux.com.br\/#\/schema\/logo\/image\/"},"sameAs":["https:\/\/www.facebook.com\/CCBLUX"]}]}},"_links":{"self":[{"href":"https:\/\/www.ccblux.com\/index.php?rest_route=\/wp\/v2\/pages\/623","targetHints":{"allow":["GET"]}}],"collection":[{"href":"https:\/\/www.ccblux.com\/index.php?rest_route=\/wp\/v2\/pages"}],"about":[{"href":"https:\/\/www.ccblux.com\/index.php?rest_route=\/wp\/v2\/types\/page"}],"author":[{"embeddable":true,"href":"https:\/\/www.ccblux.com\/index.php?rest_route=\/wp\/v2\/users\/1"}],"replies":[{"embeddable":true,"href":"https:\/\/www.ccblux.com\/index.php?rest_route=%2Fwp%2Fv2%2Fcomments&post=623"}],"version-history":[{"count":15,"href":"https:\/\/www.ccblux.com\/index.php?rest_route=\/wp\/v2\/pages\/623\/revisions"}],"predecessor-version":[{"id":1491,"href":"https:\/\/www.ccblux.com\/index.php?rest_route=\/wp\/v2\/pages\/623\/revisions\/1491"}],"wp:attachment":[{"href":"https:\/\/www.ccblux.com\/index.php?rest_route=%2Fwp%2Fv2%2Fmedia&parent=623"}],"curies":[{"name":"wp","href":"https:\/\/api.w.org\/{rel}","templated":true}]}}