{"id":485,"date":"2020-07-28T15:21:11","date_gmt":"2020-07-28T18:21:11","guid":{"rendered":"https:\/\/www.ccblux.com.br\/?page_id=485"},"modified":"2020-07-28T17:24:50","modified_gmt":"2020-07-28T20:24:50","slug":"como-atualizar-o-registro-nacional","status":"publish","type":"page","link":"https:\/\/www.ccblux.com\/?page_id=485","title":{"rendered":"Como atualizar o Registro Nacional?"},"content":{"rendered":"\n<p>Uma vez que voc\u00ea j\u00e1 tem reconhecida a dupla nacionalidade, faz-se necess\u00e1rio em muitas vezes atualizar o Registro Nacional. <\/p>\n\n\n\n<p>O que \u00e9 o Registro Nacional? Pode ser comparado ao seu CPF. Muito embora no Brasil este cadastro tenha a caracter\u00edstica fiscal, em Luxemburgo este cadastro \u00e9 uma base de dados protegida com os nomes de todos os cidad\u00e3os.<\/p>\n\n\n\n<p>Quando a nacionalidade \u00e9 concedida, seus dados s\u00e3o imputados no Registro nacional. Por for\u00e7a da lei que protege os seus dados, um extrato destas informa\u00e7\u00f5es \u00e9 enviada pelo correio para voc\u00ea para efetuar a confer\u00eancia. Temos relato de que algumas pessoas recebem este extrato antes ou mesmo depois do recebimento do certificado de nacionalidade.<\/p>\n\n\n\n<p>Geralmente os dados informados na peti\u00e7\u00e3o do pedido da nacionalidade s\u00e3o alimentados no sistema do registro nacional. Mas, \u00e0s vezes, estas informa\u00e7\u00f5es ficam vazias neste sistema. Infelizmente j\u00e1 vimos v\u00e1rias vezes que neste caso, este extrato nem chega \u00e0s pessoas (pelo fato do endere\u00e7o estar vazio).  Mas n\u00e3o se preocupe \u00e9 algo f\u00e1cil de corrigir.<\/p>\n\n\n\n<p>Para poder emitir o passaporte, identidade ou carteira de motorista, as autoridades luxemburguesas acessam esta base de dados do registro nacional para buscar seus dados. Por isso , \u00e9 importante manter estes dados atualizados sempre.<\/p>\n\n\n\n<p>S\u00e3o 3 formas de atualizar estes dados. <\/p>\n\n\n\n<ol class=\"wp-block-list\"><li>online: quem j\u00e1 tiver uma identidade de luxemburgo com o chip da assinatura digital poder\u00e1 fazer as atualiza\u00e7\u00f5es de forma online no site do Guichet.lu.<\/li><li>por correio: pode ser enviado por via postal um pedido de atualiza\u00e7\u00e3o dos dados.<\/li><li>por e-mail: pode ser enviado por correio eletr\u00f4nico um pedido com todos os documentos para atualizar.<\/li><\/ol>\n\n\n\n<p>A terceira forma \u00e9 a mais pr\u00e1tica e usual. Como fazer a atualiza\u00e7\u00e3o?<\/p>\n\n\n\n<p>Envie um e-mail para: <a href=\"mailto:Registre.National@ctie.etat.lu\">Registre.National@ctie.etat.lu<\/a><\/p>\n\n\n\n<p>Assunto:  Mise \u00e0 jour des donn\u00e9es <\/p>\n\n\n\n<p>Texto:<br>   <\/p>\n\n\n\n<p>Bonjour,<\/p>\n\n\n\n<p>Je m&#8217;appelle SOBRENOMES, Nomes n\u00e9(e) le 99\/99\/19XX. Je vous prie de bien vouloir mettre \u00e0 jour mes donn\u00e9es dans le registre national, car je d\u00e9livrerai mon passeport luxembourgeois pour la premi\u00e8re fois.<\/p>\n\n\n\n<p>Ci-joint: une copie de mon passeport br\u00e9silien, une preuve de r\u00e9sidence et mon certificat de mariage br\u00e9silien (en cas ech\u00e1nt). <\/p>\n\n\n\n<p>Je d\u00e9clare ici\nmon adresse.<\/p>\n\n\n\n<p>Adresse:<\/p>\n\n\n\n<p><strong>Rua XXXXXXXXXXXXX<\/strong><\/p>\n\n\n\n<p><strong>CEP<\/strong><\/p>\n\n\n\n<p><strong>Br\u00e9sil<\/strong><\/p>\n\n\n\n<p><\/p>\n\n\n\n<p>Avec mes\nsalutations distingu\u00e9es<\/p>\n\n\n\n<p>N\u00e3o esque\u00e7a de mandar digitalizado o seu passaporte brasileiro, seu comprovante de residencia (dos \u00faltimos 90 dias) e a sua certid\u00e3o de casamento se for o caso. Substitua no texto acima o seu sobrenome, nome, data de nascimento e o endere\u00e7o.<\/p>\n\n\n\n<p>A reposta leva geralmente at\u00e9 5 dias \u00fateis.<\/p>\n\n\n\n<p><\/p>\n\n\n\n<p>Com a resposta de que os dados foram atualizados \u00e9 poss\u00edvel prosseguir com a emiss\u00e3o dos seus documentos. (passaporte, identidade, etc).<\/p>\n","protected":false},"excerpt":{"rendered":"<p>Uma vez que voc\u00ea j\u00e1 tem reconhecida a dupla nacionalidade, faz-se necess\u00e1rio em muitas vezes atualizar o Registro Nacional. O que \u00e9 o Registro Nacional? Pode ser comparado ao seu CPF. Muito embora no Brasil este cadastro tenha a caracter\u00edstica fiscal, em Luxemburgo este cadastro \u00e9 uma base de dados protegida com os nomes de &hellip; <\/p>\n<p class=\"link-more\"><a href=\"https:\/\/www.ccblux.com\/?page_id=485\" class=\"more-link\">Continue lendo<span class=\"screen-reader-text\"> &#8220;Como atualizar o Registro Nacional?&#8221;<\/span><\/a><\/p>\n","protected":false},"author":1,"featured_media":0,"parent":0,"menu_order":0,"comment_status":"closed","ping_status":"closed","template":"","meta":{"footnotes":""},"class_list":["post-485","page","type-page","status-publish","hentry"],"yoast_head":"<!-- This site is optimized with the Yoast SEO plugin v27.3 - https:\/\/yoast.com\/product\/yoast-seo-wordpress\/ -->\n<title>Como atualizar o Registro Nacional? - CCBLUX - Centro Cultural Brasil Luxemburgo<\/title>\n<meta name=\"robots\" content=\"index, follow, max-snippet:-1, max-image-preview:large, max-video-preview:-1\" \/>\n<link rel=\"canonical\" href=\"https:\/\/ccblux.com.br\/?page_id=485\" \/>\n<meta property=\"og:locale\" content=\"pt_BR\" \/>\n<meta property=\"og:type\" content=\"article\" \/>\n<meta property=\"og:title\" content=\"Como atualizar o Registro Nacional? - CCBLUX - Centro Cultural Brasil Luxemburgo\" \/>\n<meta property=\"og:description\" content=\"Uma vez que voc\u00ea j\u00e1 tem reconhecida a dupla nacionalidade, faz-se necess\u00e1rio em muitas vezes atualizar o Registro Nacional. O que \u00e9 o Registro Nacional? Pode ser comparado ao seu CPF. Muito embora no Brasil este cadastro tenha a caracter\u00edstica fiscal, em Luxemburgo este cadastro \u00e9 uma base de dados protegida com os nomes de &hellip; Continue lendo &quot;Como atualizar o Registro Nacional?&quot;\" \/>\n<meta property=\"og:url\" content=\"https:\/\/ccblux.com.br\/?page_id=485\" \/>\n<meta property=\"og:site_name\" content=\"CCBLUX - Centro Cultural Brasil Luxemburgo\" \/>\n<meta property=\"article:publisher\" content=\"https:\/\/www.facebook.com\/CCBLUX\" \/>\n<meta property=\"article:modified_time\" content=\"2020-07-28T20:24:50+00:00\" \/>\n<meta name=\"twitter:card\" content=\"summary_large_image\" \/>\n<meta name=\"twitter:label1\" content=\"Est. tempo de leitura\" \/>\n\t<meta name=\"twitter:data1\" content=\"2 minutos\" \/>\n<script type=\"application\/ld+json\" class=\"yoast-schema-graph\">{\"@context\":\"https:\\\/\\\/schema.org\",\"@graph\":[{\"@type\":\"WebPage\",\"@id\":\"https:\\\/\\\/ccblux.com.br\\\/?page_id=485\",\"url\":\"https:\\\/\\\/ccblux.com.br\\\/?page_id=485\",\"name\":\"Como atualizar o Registro Nacional? - CCBLUX - Centro Cultural Brasil Luxemburgo\",\"isPartOf\":{\"@id\":\"https:\\\/\\\/ccblux.com.br\\\/#website\"},\"datePublished\":\"2020-07-28T18:21:11+00:00\",\"dateModified\":\"2020-07-28T20:24:50+00:00\",\"breadcrumb\":{\"@id\":\"https:\\\/\\\/ccblux.com.br\\\/?page_id=485#breadcrumb\"},\"inLanguage\":\"pt-BR\",\"potentialAction\":[{\"@type\":\"ReadAction\",\"target\":[\"https:\\\/\\\/ccblux.com.br\\\/?page_id=485\"]}]},{\"@type\":\"BreadcrumbList\",\"@id\":\"https:\\\/\\\/ccblux.com.br\\\/?page_id=485#breadcrumb\",\"itemListElement\":[{\"@type\":\"ListItem\",\"position\":1,\"name\":\"In\u00edcio\",\"item\":\"https:\\\/\\\/ccblux.com.br\\\/\"},{\"@type\":\"ListItem\",\"position\":2,\"name\":\"Como atualizar o Registro Nacional?\"}]},{\"@type\":\"WebSite\",\"@id\":\"https:\\\/\\\/ccblux.com.br\\\/#website\",\"url\":\"https:\\\/\\\/ccblux.com.br\\\/\",\"name\":\"CCBLUX - Centro Cultural Brasil Luxemburgo\",\"description\":\"Retomando os La\u00e7os com as ra\u00edzes luxemburguesas\",\"publisher\":{\"@id\":\"https:\\\/\\\/ccblux.com.br\\\/#organization\"},\"potentialAction\":[{\"@type\":\"SearchAction\",\"target\":{\"@type\":\"EntryPoint\",\"urlTemplate\":\"https:\\\/\\\/ccblux.com.br\\\/?s={search_term_string}\"},\"query-input\":{\"@type\":\"PropertyValueSpecification\",\"valueRequired\":true,\"valueName\":\"search_term_string\"}}],\"inLanguage\":\"pt-BR\"},{\"@type\":\"Organization\",\"@id\":\"https:\\\/\\\/ccblux.com.br\\\/#organization\",\"name\":\"CCBLUX Consultoria Ltda\",\"url\":\"https:\\\/\\\/ccblux.com.br\\\/\",\"logo\":{\"@type\":\"ImageObject\",\"inLanguage\":\"pt-BR\",\"@id\":\"https:\\\/\\\/ccblux.com.br\\\/#\\\/schema\\\/logo\\\/image\\\/\",\"url\":\"https:\\\/\\\/www.ccblux.com.br\\\/wp-content\\\/uploads\\\/2017\\\/06\\\/CCBLUX2ss.png\",\"contentUrl\":\"https:\\\/\\\/www.ccblux.com.br\\\/wp-content\\\/uploads\\\/2017\\\/06\\\/CCBLUX2ss.png\",\"width\":111,\"height\":131,\"caption\":\"CCBLUX Consultoria Ltda\"},\"image\":{\"@id\":\"https:\\\/\\\/ccblux.com.br\\\/#\\\/schema\\\/logo\\\/image\\\/\"},\"sameAs\":[\"https:\\\/\\\/www.facebook.com\\\/CCBLUX\"]}]}<\/script>\n<!-- \/ Yoast SEO plugin. -->","yoast_head_json":{"title":"Como atualizar o Registro Nacional? - CCBLUX - Centro Cultural Brasil Luxemburgo","robots":{"index":"index","follow":"follow","max-snippet":"max-snippet:-1","max-image-preview":"max-image-preview:large","max-video-preview":"max-video-preview:-1"},"canonical":"https:\/\/ccblux.com.br\/?page_id=485","og_locale":"pt_BR","og_type":"article","og_title":"Como atualizar o Registro Nacional? - CCBLUX - Centro Cultural Brasil Luxemburgo","og_description":"Uma vez que voc\u00ea j\u00e1 tem reconhecida a dupla nacionalidade, faz-se necess\u00e1rio em muitas vezes atualizar o Registro Nacional. O que \u00e9 o Registro Nacional? Pode ser comparado ao seu CPF. Muito embora no Brasil este cadastro tenha a caracter\u00edstica fiscal, em Luxemburgo este cadastro \u00e9 uma base de dados protegida com os nomes de &hellip; Continue lendo \"Como atualizar o Registro Nacional?\"","og_url":"https:\/\/ccblux.com.br\/?page_id=485","og_site_name":"CCBLUX - Centro Cultural Brasil Luxemburgo","article_publisher":"https:\/\/www.facebook.com\/CCBLUX","article_modified_time":"2020-07-28T20:24:50+00:00","twitter_card":"summary_large_image","twitter_misc":{"Est. tempo de leitura":"2 minutos"},"schema":{"@context":"https:\/\/schema.org","@graph":[{"@type":"WebPage","@id":"https:\/\/ccblux.com.br\/?page_id=485","url":"https:\/\/ccblux.com.br\/?page_id=485","name":"Como atualizar o Registro Nacional? - CCBLUX - Centro Cultural Brasil Luxemburgo","isPartOf":{"@id":"https:\/\/ccblux.com.br\/#website"},"datePublished":"2020-07-28T18:21:11+00:00","dateModified":"2020-07-28T20:24:50+00:00","breadcrumb":{"@id":"https:\/\/ccblux.com.br\/?page_id=485#breadcrumb"},"inLanguage":"pt-BR","potentialAction":[{"@type":"ReadAction","target":["https:\/\/ccblux.com.br\/?page_id=485"]}]},{"@type":"BreadcrumbList","@id":"https:\/\/ccblux.com.br\/?page_id=485#breadcrumb","itemListElement":[{"@type":"ListItem","position":1,"name":"In\u00edcio","item":"https:\/\/ccblux.com.br\/"},{"@type":"ListItem","position":2,"name":"Como atualizar o Registro Nacional?"}]},{"@type":"WebSite","@id":"https:\/\/ccblux.com.br\/#website","url":"https:\/\/ccblux.com.br\/","name":"CCBLUX - Centro Cultural Brasil Luxemburgo","description":"Retomando os La\u00e7os com as ra\u00edzes luxemburguesas","publisher":{"@id":"https:\/\/ccblux.com.br\/#organization"},"potentialAction":[{"@type":"SearchAction","target":{"@type":"EntryPoint","urlTemplate":"https:\/\/ccblux.com.br\/?s={search_term_string}"},"query-input":{"@type":"PropertyValueSpecification","valueRequired":true,"valueName":"search_term_string"}}],"inLanguage":"pt-BR"},{"@type":"Organization","@id":"https:\/\/ccblux.com.br\/#organization","name":"CCBLUX Consultoria Ltda","url":"https:\/\/ccblux.com.br\/","logo":{"@type":"ImageObject","inLanguage":"pt-BR","@id":"https:\/\/ccblux.com.br\/#\/schema\/logo\/image\/","url":"https:\/\/www.ccblux.com.br\/wp-content\/uploads\/2017\/06\/CCBLUX2ss.png","contentUrl":"https:\/\/www.ccblux.com.br\/wp-content\/uploads\/2017\/06\/CCBLUX2ss.png","width":111,"height":131,"caption":"CCBLUX Consultoria Ltda"},"image":{"@id":"https:\/\/ccblux.com.br\/#\/schema\/logo\/image\/"},"sameAs":["https:\/\/www.facebook.com\/CCBLUX"]}]}},"_links":{"self":[{"href":"https:\/\/www.ccblux.com\/index.php?rest_route=\/wp\/v2\/pages\/485","targetHints":{"allow":["GET"]}}],"collection":[{"href":"https:\/\/www.ccblux.com\/index.php?rest_route=\/wp\/v2\/pages"}],"about":[{"href":"https:\/\/www.ccblux.com\/index.php?rest_route=\/wp\/v2\/types\/page"}],"author":[{"embeddable":true,"href":"https:\/\/www.ccblux.com\/index.php?rest_route=\/wp\/v2\/users\/1"}],"replies":[{"embeddable":true,"href":"https:\/\/www.ccblux.com\/index.php?rest_route=%2Fwp%2Fv2%2Fcomments&post=485"}],"version-history":[{"count":4,"href":"https:\/\/www.ccblux.com\/index.php?rest_route=\/wp\/v2\/pages\/485\/revisions"}],"predecessor-version":[{"id":780,"href":"https:\/\/www.ccblux.com\/index.php?rest_route=\/wp\/v2\/pages\/485\/revisions\/780"}],"wp:attachment":[{"href":"https:\/\/www.ccblux.com\/index.php?rest_route=%2Fwp%2Fv2%2Fmedia&parent=485"}],"curies":[{"name":"wp","href":"https:\/\/api.w.org\/{rel}","templated":true}]}}