{"id":427,"date":"2020-06-22T08:48:34","date_gmt":"2020-06-22T11:48:34","guid":{"rendered":"https:\/\/www.ccblux.com.br\/?page_id=427"},"modified":"2020-06-22T22:06:32","modified_gmt":"2020-06-23T01:06:32","slug":"23-06-dia-nacional-de-luxemburgo","status":"publish","type":"page","link":"https:\/\/www.ccblux.com\/?page_id=427","title":{"rendered":"23\/06 Dia Nacional de Luxemburgo"},"content":{"rendered":"\n<figure class=\"wp-block-image size-large is-style-default\"><img loading=\"lazy\" decoding=\"async\" width=\"480\" height=\"480\" src=\"https:\/\/www.ccblux.com.br\/wp-content\/uploads\/2020\/06\/Fireworks.gif\" alt=\"\" class=\"wp-image-430\"\/><\/figure>\n\n\n\n<p>Em Luxemburgu\u00eas: <em>Nationalfeirdag<\/em><\/p>\n\n\n\n<p>Trata-se do equivalente em Luxemburgo ao nosso dia da independ\u00eancia no Brasil. \u00c9 uma data institu\u00edda para celebrar o ANIVERS\u00c1RIO DO GR\u00c3O DUQUE, soberano do pa\u00eds. Sempre \u00e9 comemorado no mesmo dia, independente do soberano. Portanto na realidade \u00e9 uma data de calend\u00e1rio e n\u00e3o o dia do anivers\u00e1rio REAL do monarca. (O Gr\u00e3o Duque Henri faz anivers\u00e1rio na realidade no dia 16\/4)<\/p>\n\n\n\n<p>Esta tradi\u00e7\u00e3o teve in\u00edcio com a Gr\u00e3 Duquesa Charlotte, cujo aniversario era 23 de janeiro, mas como nesta \u00e9poca do ano \u00e9 muito fria, as celebra\u00e7\u00f5es foram transferidas para junho onde \u00e9 muito mais quente e favor\u00e1vel para as festividades ao ar livre. E foi assim desde 1948 at\u00e9 ent\u00e3o.<\/p>\n\n\n\n<p>Os eventos para esta data come\u00e7am na v\u00e9spera do dia 23. <\/p>\n\n\n\n<ul class=\"wp-block-list\"><li>\u00c0s 16:00 ocorre a TROCA DA GUARDA no pal\u00e1cio Gr\u00e3o Ducal;<\/li><li>Depois , o casal Ducal visita todo ano uma cidade diferente de Luxemburgo, isto traz uma proximidade da fam\u00edlia real com os s\u00faditos;<\/li><li>\u00c0s 21:30 ocorre a tradicional PROCISS\u00c3O DE TOCHAS, (em luxemburgu\u00eas Fakelzuch) pelas ruas de Luxemburgo. Ao fim desta prociss\u00e3o, v\u00e1rios grupos se re\u00fanem com DJs, concertos e festas pelas ruas;<\/li><li>\u00c0s 23:00 ocorre uma sess\u00e3o de fogos de artif\u00edcios, acima da Ponte Adolphe. Acompanhada tamb\u00e9m de m\u00fasica.<\/li><\/ul>\n\n\n\n<p>No pr\u00f3prio dia 23 temos mais festividades:<\/p>\n\n\n\n<ul class=\"wp-block-list\"><li>\u00c0s 10:00 na filarm\u00f4nica o Gr\u00e3o Duque faz um discurso e homenageia os cidad\u00e3os que fizeram importante contribui\u00e7\u00e3o para o pa\u00eds no ano;<\/li><li>Ocorrem 21 salvas de canh\u00e3o em Fetschenhaff (isso tamb\u00e9m ocorre nos casamentos e nascimentos da familia ducal), e ocorre uma parada militar;<\/li><li>Durante a tarde ocorre uma cerim\u00f4nia religiosa na Catedral de Luxemburgo.<\/li><\/ul>\n\n\n\n<p>Em 2020 , a pandemia provocou o cancelamento de&nbsp; quase todos estes eventos.<\/p>\n","protected":false},"excerpt":{"rendered":"<p>Em Luxemburgu\u00eas: Nationalfeirdag Trata-se do equivalente em Luxemburgo ao nosso dia da independ\u00eancia no Brasil. \u00c9 uma data institu\u00edda para celebrar o ANIVERS\u00c1RIO DO GR\u00c3O DUQUE, soberano do pa\u00eds. Sempre \u00e9 comemorado no mesmo dia, independente do soberano. Portanto na realidade \u00e9 uma data de calend\u00e1rio e n\u00e3o o dia do anivers\u00e1rio REAL do monarca. &hellip; <\/p>\n<p class=\"link-more\"><a href=\"https:\/\/www.ccblux.com\/?page_id=427\" class=\"more-link\">Continue lendo<span class=\"screen-reader-text\"> &#8220;23\/06 Dia Nacional de Luxemburgo&#8221;<\/span><\/a><\/p>\n","protected":false},"author":1,"featured_media":0,"parent":0,"menu_order":0,"comment_status":"closed","ping_status":"closed","template":"","meta":{"footnotes":""},"class_list":["post-427","page","type-page","status-publish","hentry"],"yoast_head":"<!-- This site is optimized with the Yoast SEO plugin v27.3 - https:\/\/yoast.com\/product\/yoast-seo-wordpress\/ -->\n<title>23\/06 Dia Nacional de Luxemburgo - CCBLUX - Centro Cultural Brasil Luxemburgo<\/title>\n<meta name=\"robots\" content=\"index, follow, max-snippet:-1, max-image-preview:large, max-video-preview:-1\" \/>\n<link rel=\"canonical\" href=\"https:\/\/www.ccblux.com.br\/?page_id=427\" \/>\n<meta property=\"og:locale\" content=\"pt_BR\" \/>\n<meta property=\"og:type\" content=\"article\" \/>\n<meta property=\"og:title\" content=\"23\/06 Dia Nacional de Luxemburgo - CCBLUX - Centro Cultural Brasil Luxemburgo\" \/>\n<meta property=\"og:description\" content=\"Em Luxemburgu\u00eas: Nationalfeirdag Trata-se do equivalente em Luxemburgo ao nosso dia da independ\u00eancia no Brasil. \u00c9 uma data institu\u00edda para celebrar o ANIVERS\u00c1RIO DO GR\u00c3O DUQUE, soberano do pa\u00eds. Sempre \u00e9 comemorado no mesmo dia, independente do soberano. Portanto na realidade \u00e9 uma data de calend\u00e1rio e n\u00e3o o dia do anivers\u00e1rio REAL do monarca. &hellip; Continue lendo &quot;23\/06 Dia Nacional de Luxemburgo&quot;\" \/>\n<meta property=\"og:url\" content=\"https:\/\/www.ccblux.com.br\/?page_id=427\" \/>\n<meta property=\"og:site_name\" content=\"CCBLUX - Centro Cultural Brasil Luxemburgo\" \/>\n<meta property=\"article:publisher\" content=\"https:\/\/www.facebook.com\/CCBLUX\" \/>\n<meta property=\"article:modified_time\" content=\"2020-06-23T01:06:32+00:00\" \/>\n<meta property=\"og:image\" content=\"https:\/\/www.ccblux.com.br\/wp-content\/uploads\/2020\/06\/Fireworks.gif\" \/>\n<meta name=\"twitter:card\" content=\"summary_large_image\" \/>\n<meta name=\"twitter:label1\" content=\"Est. tempo de leitura\" \/>\n\t<meta name=\"twitter:data1\" content=\"2 minutos\" \/>\n<script type=\"application\/ld+json\" class=\"yoast-schema-graph\">{\"@context\":\"https:\\\/\\\/schema.org\",\"@graph\":[{\"@type\":\"WebPage\",\"@id\":\"https:\\\/\\\/www.ccblux.com.br\\\/?page_id=427\",\"url\":\"https:\\\/\\\/www.ccblux.com.br\\\/?page_id=427\",\"name\":\"23\\\/06 Dia Nacional de Luxemburgo - CCBLUX - Centro Cultural Brasil Luxemburgo\",\"isPartOf\":{\"@id\":\"https:\\\/\\\/ccblux.com.br\\\/#website\"},\"primaryImageOfPage\":{\"@id\":\"https:\\\/\\\/www.ccblux.com.br\\\/?page_id=427#primaryimage\"},\"image\":{\"@id\":\"https:\\\/\\\/www.ccblux.com.br\\\/?page_id=427#primaryimage\"},\"thumbnailUrl\":\"https:\\\/\\\/www.ccblux.com.br\\\/wp-content\\\/uploads\\\/2020\\\/06\\\/Fireworks.gif\",\"datePublished\":\"2020-06-22T11:48:34+00:00\",\"dateModified\":\"2020-06-23T01:06:32+00:00\",\"breadcrumb\":{\"@id\":\"https:\\\/\\\/www.ccblux.com.br\\\/?page_id=427#breadcrumb\"},\"inLanguage\":\"pt-BR\",\"potentialAction\":[{\"@type\":\"ReadAction\",\"target\":[\"https:\\\/\\\/www.ccblux.com.br\\\/?page_id=427\"]}]},{\"@type\":\"ImageObject\",\"inLanguage\":\"pt-BR\",\"@id\":\"https:\\\/\\\/www.ccblux.com.br\\\/?page_id=427#primaryimage\",\"url\":\"https:\\\/\\\/www.ccblux.com.br\\\/wp-content\\\/uploads\\\/2020\\\/06\\\/Fireworks.gif\",\"contentUrl\":\"https:\\\/\\\/www.ccblux.com.br\\\/wp-content\\\/uploads\\\/2020\\\/06\\\/Fireworks.gif\"},{\"@type\":\"BreadcrumbList\",\"@id\":\"https:\\\/\\\/www.ccblux.com.br\\\/?page_id=427#breadcrumb\",\"itemListElement\":[{\"@type\":\"ListItem\",\"position\":1,\"name\":\"In\u00edcio\",\"item\":\"https:\\\/\\\/ccblux.com.br\\\/\"},{\"@type\":\"ListItem\",\"position\":2,\"name\":\"23\\\/06 Dia Nacional de Luxemburgo\"}]},{\"@type\":\"WebSite\",\"@id\":\"https:\\\/\\\/ccblux.com.br\\\/#website\",\"url\":\"https:\\\/\\\/ccblux.com.br\\\/\",\"name\":\"CCBLUX - Centro Cultural Brasil Luxemburgo\",\"description\":\"Retomando os La\u00e7os com as ra\u00edzes luxemburguesas\",\"publisher\":{\"@id\":\"https:\\\/\\\/ccblux.com.br\\\/#organization\"},\"potentialAction\":[{\"@type\":\"SearchAction\",\"target\":{\"@type\":\"EntryPoint\",\"urlTemplate\":\"https:\\\/\\\/ccblux.com.br\\\/?s={search_term_string}\"},\"query-input\":{\"@type\":\"PropertyValueSpecification\",\"valueRequired\":true,\"valueName\":\"search_term_string\"}}],\"inLanguage\":\"pt-BR\"},{\"@type\":\"Organization\",\"@id\":\"https:\\\/\\\/ccblux.com.br\\\/#organization\",\"name\":\"CCBLUX Consultoria Ltda\",\"url\":\"https:\\\/\\\/ccblux.com.br\\\/\",\"logo\":{\"@type\":\"ImageObject\",\"inLanguage\":\"pt-BR\",\"@id\":\"https:\\\/\\\/ccblux.com.br\\\/#\\\/schema\\\/logo\\\/image\\\/\",\"url\":\"https:\\\/\\\/www.ccblux.com.br\\\/wp-content\\\/uploads\\\/2017\\\/06\\\/CCBLUX2ss.png\",\"contentUrl\":\"https:\\\/\\\/www.ccblux.com.br\\\/wp-content\\\/uploads\\\/2017\\\/06\\\/CCBLUX2ss.png\",\"width\":111,\"height\":131,\"caption\":\"CCBLUX Consultoria Ltda\"},\"image\":{\"@id\":\"https:\\\/\\\/ccblux.com.br\\\/#\\\/schema\\\/logo\\\/image\\\/\"},\"sameAs\":[\"https:\\\/\\\/www.facebook.com\\\/CCBLUX\"]}]}<\/script>\n<!-- \/ Yoast SEO plugin. -->","yoast_head_json":{"title":"23\/06 Dia Nacional de Luxemburgo - CCBLUX - Centro Cultural Brasil Luxemburgo","robots":{"index":"index","follow":"follow","max-snippet":"max-snippet:-1","max-image-preview":"max-image-preview:large","max-video-preview":"max-video-preview:-1"},"canonical":"https:\/\/www.ccblux.com.br\/?page_id=427","og_locale":"pt_BR","og_type":"article","og_title":"23\/06 Dia Nacional de Luxemburgo - CCBLUX - Centro Cultural Brasil Luxemburgo","og_description":"Em Luxemburgu\u00eas: Nationalfeirdag Trata-se do equivalente em Luxemburgo ao nosso dia da independ\u00eancia no Brasil. \u00c9 uma data institu\u00edda para celebrar o ANIVERS\u00c1RIO DO GR\u00c3O DUQUE, soberano do pa\u00eds. Sempre \u00e9 comemorado no mesmo dia, independente do soberano. Portanto na realidade \u00e9 uma data de calend\u00e1rio e n\u00e3o o dia do anivers\u00e1rio REAL do monarca. &hellip; Continue lendo \"23\/06 Dia Nacional de Luxemburgo\"","og_url":"https:\/\/www.ccblux.com.br\/?page_id=427","og_site_name":"CCBLUX - Centro Cultural Brasil Luxemburgo","article_publisher":"https:\/\/www.facebook.com\/CCBLUX","article_modified_time":"2020-06-23T01:06:32+00:00","og_image":[{"url":"https:\/\/www.ccblux.com.br\/wp-content\/uploads\/2020\/06\/Fireworks.gif","type":"","width":"","height":""}],"twitter_card":"summary_large_image","twitter_misc":{"Est. tempo de leitura":"2 minutos"},"schema":{"@context":"https:\/\/schema.org","@graph":[{"@type":"WebPage","@id":"https:\/\/www.ccblux.com.br\/?page_id=427","url":"https:\/\/www.ccblux.com.br\/?page_id=427","name":"23\/06 Dia Nacional de Luxemburgo - CCBLUX - Centro Cultural Brasil Luxemburgo","isPartOf":{"@id":"https:\/\/ccblux.com.br\/#website"},"primaryImageOfPage":{"@id":"https:\/\/www.ccblux.com.br\/?page_id=427#primaryimage"},"image":{"@id":"https:\/\/www.ccblux.com.br\/?page_id=427#primaryimage"},"thumbnailUrl":"https:\/\/www.ccblux.com.br\/wp-content\/uploads\/2020\/06\/Fireworks.gif","datePublished":"2020-06-22T11:48:34+00:00","dateModified":"2020-06-23T01:06:32+00:00","breadcrumb":{"@id":"https:\/\/www.ccblux.com.br\/?page_id=427#breadcrumb"},"inLanguage":"pt-BR","potentialAction":[{"@type":"ReadAction","target":["https:\/\/www.ccblux.com.br\/?page_id=427"]}]},{"@type":"ImageObject","inLanguage":"pt-BR","@id":"https:\/\/www.ccblux.com.br\/?page_id=427#primaryimage","url":"https:\/\/www.ccblux.com.br\/wp-content\/uploads\/2020\/06\/Fireworks.gif","contentUrl":"https:\/\/www.ccblux.com.br\/wp-content\/uploads\/2020\/06\/Fireworks.gif"},{"@type":"BreadcrumbList","@id":"https:\/\/www.ccblux.com.br\/?page_id=427#breadcrumb","itemListElement":[{"@type":"ListItem","position":1,"name":"In\u00edcio","item":"https:\/\/ccblux.com.br\/"},{"@type":"ListItem","position":2,"name":"23\/06 Dia Nacional de Luxemburgo"}]},{"@type":"WebSite","@id":"https:\/\/ccblux.com.br\/#website","url":"https:\/\/ccblux.com.br\/","name":"CCBLUX - Centro Cultural Brasil Luxemburgo","description":"Retomando os La\u00e7os com as ra\u00edzes luxemburguesas","publisher":{"@id":"https:\/\/ccblux.com.br\/#organization"},"potentialAction":[{"@type":"SearchAction","target":{"@type":"EntryPoint","urlTemplate":"https:\/\/ccblux.com.br\/?s={search_term_string}"},"query-input":{"@type":"PropertyValueSpecification","valueRequired":true,"valueName":"search_term_string"}}],"inLanguage":"pt-BR"},{"@type":"Organization","@id":"https:\/\/ccblux.com.br\/#organization","name":"CCBLUX Consultoria Ltda","url":"https:\/\/ccblux.com.br\/","logo":{"@type":"ImageObject","inLanguage":"pt-BR","@id":"https:\/\/ccblux.com.br\/#\/schema\/logo\/image\/","url":"https:\/\/www.ccblux.com.br\/wp-content\/uploads\/2017\/06\/CCBLUX2ss.png","contentUrl":"https:\/\/www.ccblux.com.br\/wp-content\/uploads\/2017\/06\/CCBLUX2ss.png","width":111,"height":131,"caption":"CCBLUX Consultoria Ltda"},"image":{"@id":"https:\/\/ccblux.com.br\/#\/schema\/logo\/image\/"},"sameAs":["https:\/\/www.facebook.com\/CCBLUX"]}]}},"_links":{"self":[{"href":"https:\/\/www.ccblux.com\/index.php?rest_route=\/wp\/v2\/pages\/427","targetHints":{"allow":["GET"]}}],"collection":[{"href":"https:\/\/www.ccblux.com\/index.php?rest_route=\/wp\/v2\/pages"}],"about":[{"href":"https:\/\/www.ccblux.com\/index.php?rest_route=\/wp\/v2\/types\/page"}],"author":[{"embeddable":true,"href":"https:\/\/www.ccblux.com\/index.php?rest_route=\/wp\/v2\/users\/1"}],"replies":[{"embeddable":true,"href":"https:\/\/www.ccblux.com\/index.php?rest_route=%2Fwp%2Fv2%2Fcomments&post=427"}],"version-history":[{"count":4,"href":"https:\/\/www.ccblux.com\/index.php?rest_route=\/wp\/v2\/pages\/427\/revisions"}],"predecessor-version":[{"id":438,"href":"https:\/\/www.ccblux.com\/index.php?rest_route=\/wp\/v2\/pages\/427\/revisions\/438"}],"wp:attachment":[{"href":"https:\/\/www.ccblux.com\/index.php?rest_route=%2Fwp%2Fv2%2Fmedia&parent=427"}],"curies":[{"name":"wp","href":"https:\/\/api.w.org\/{rel}","templated":true}]}}