{"id":313,"date":"2020-03-27T15:44:05","date_gmt":"2020-03-27T18:44:05","guid":{"rendered":"https:\/\/www.ccblux.com.br\/?page_id=313"},"modified":"2024-05-03T22:18:48","modified_gmt":"2024-05-04T01:18:48","slug":"monitor-do-tempo-de-espera-no-bierger-center","status":"publish","type":"page","link":"https:\/\/www.ccblux.com\/?page_id=313","title":{"rendered":"Monitor do tempo de espera no Bierger Center"},"content":{"rendered":"\n<p class=\"has-vivid-red-color has-text-color has-medium-font-size\">A p\u00e1gina do Bierger Center que coletamos os tempos foi corrigida em 16\/12\/2021 e voltamos a monitorar os tempos de espera.<\/p>\n\n\n\n<p>Este \u00e9 o gr\u00e1fico que mostra o avan\u00e7o dia-a-dia dos tempos de espera para atendimento no Bierger Center para os procedimentos de obten\u00e7\u00e3o da nacionalidade luxemburguesa pelas modalidades de RECUPERA\u00c7\u00c3O, OP\u00c7\u00c3O e NATURALIZA\u00c7\u00c3O.<\/p>\n\n\n\n<p>A Recupera\u00e7\u00e3o por for\u00e7a da lei deve ser efetuada at\u00e9 no m\u00e1ximo 31\/12\/2021 pela lei vigente (<em>embora exista o projeto para prorrogar este limite por mais um ano<\/em> que estamos acompanhando). J\u00e1 as outras duas modalidades n\u00e3o tem prazo para serem realizadas.<\/p>\n\n\n\n<p class=\"has-vivid-red-color has-text-color\"><strong><em>Precisa de tradu\u00e7\u00e3o de documentos para a segunda etapa? Envie um e-mail para <a href=\"mailto:tradu@ccblux.com.br\">tradu@ccblux.com.br<\/a><\/em><\/strong>.<\/p>\n\n\n\n<p>Nossos rob\u00f4s capturam <strong>diariamente<\/strong> o tempo de espera e atualizam o gr\u00e1fico abaixo.<\/p>\n\n\n\n<p>Nota: <em>Os tempos podem variar ao longo do mesmo dia.<\/em> Queremos ter o hist\u00f3rico da evolu\u00e7\u00e3o ao longo do tempo, e servir de refer\u00eancia para o planejamento da segunda etapa. Queremos mostrar a <em>tend\u00eancia<\/em> do tempo de espera. <\/p>\n\n\n\n<p><em>OBS: De 18\/10\/2021 a 16\/12\/2021 n\u00e3o existem dados de tempo de espera pois o site do Bierger Center ficou com uma falha e n\u00e3o mostrava o tempo m\u00e9dio de espera para podermos coletar. Por isso neste per\u00edodo n\u00e3o h\u00e1 dados.<\/em><\/p>\n\n\n\n<iframe height=\"600\" style=\"width:100%;\" scrolling=\"no\" src=guichet-view2.php frameborder=\"no\"><\/iframe>\n                 Dados do gr\u00e1fico extra\u00eddos do <a href=\"http:\/\/www.vdl.lu\">site da Ville de Luxembourg<\/a><br>\n<small>* Durante o fechamento do Bierger Center, o prazo em minutos ficou zerado. O In\u00edcio das coletas foi 10\/03\/2020<br>\n* Para uma melhor visualiza\u00e7\u00e3o do gr\u00e1fico, conforme o volume de dias aumenta, estamos omitindo da apresenta\u00e7\u00e3o os tempos anteriores a 01\/04\/2023<\/small>\n","protected":false},"excerpt":{"rendered":"<p>A p\u00e1gina do Bierger Center que coletamos os tempos foi corrigida em 16\/12\/2021 e voltamos a monitorar os tempos de espera. Este \u00e9 o gr\u00e1fico que mostra o avan\u00e7o dia-a-dia dos tempos de espera para atendimento no Bierger Center para os procedimentos de obten\u00e7\u00e3o da nacionalidade luxemburguesa pelas modalidades de RECUPERA\u00c7\u00c3O, OP\u00c7\u00c3O e NATURALIZA\u00c7\u00c3O. A &hellip; <\/p>\n<p class=\"link-more\"><a href=\"https:\/\/www.ccblux.com\/?page_id=313\" class=\"more-link\">Continue lendo<span class=\"screen-reader-text\"> &#8220;Monitor do tempo de espera no Bierger Center&#8221;<\/span><\/a><\/p>\n","protected":false},"author":1,"featured_media":0,"parent":0,"menu_order":0,"comment_status":"closed","ping_status":"closed","template":"","meta":{"footnotes":""},"class_list":["post-313","page","type-page","status-publish","hentry"],"yoast_head":"<!-- This site is optimized with the Yoast SEO plugin v27.3 - https:\/\/yoast.com\/product\/yoast-seo-wordpress\/ -->\n<title>Monitor do tempo de espera no Bierger Center - CCBLUX - Centro Cultural Brasil Luxemburgo<\/title>\n<meta name=\"robots\" content=\"index, follow, max-snippet:-1, max-image-preview:large, max-video-preview:-1\" \/>\n<link rel=\"canonical\" href=\"https:\/\/ccblux.com\/?page_id=313\" \/>\n<meta property=\"og:locale\" content=\"pt_BR\" \/>\n<meta property=\"og:type\" content=\"article\" \/>\n<meta property=\"og:title\" content=\"Monitor do tempo de espera no Bierger Center - CCBLUX - Centro Cultural Brasil Luxemburgo\" \/>\n<meta property=\"og:description\" content=\"A p\u00e1gina do Bierger Center que coletamos os tempos foi corrigida em 16\/12\/2021 e voltamos a monitorar os tempos de espera. Este \u00e9 o gr\u00e1fico que mostra o avan\u00e7o dia-a-dia dos tempos de espera para atendimento no Bierger Center para os procedimentos de obten\u00e7\u00e3o da nacionalidade luxemburguesa pelas modalidades de RECUPERA\u00c7\u00c3O, OP\u00c7\u00c3O e NATURALIZA\u00c7\u00c3O. A &hellip; Continue lendo &quot;Monitor do tempo de espera no Bierger Center&quot;\" \/>\n<meta property=\"og:url\" content=\"https:\/\/ccblux.com\/?page_id=313\" \/>\n<meta property=\"og:site_name\" content=\"CCBLUX - Centro Cultural Brasil Luxemburgo\" \/>\n<meta property=\"article:publisher\" content=\"https:\/\/www.facebook.com\/CCBLUX\" \/>\n<meta property=\"article:modified_time\" content=\"2024-05-04T01:18:48+00:00\" \/>\n<meta name=\"twitter:card\" content=\"summary_large_image\" \/>\n<meta name=\"twitter:label1\" content=\"Est. tempo de leitura\" \/>\n\t<meta name=\"twitter:data1\" content=\"2 minutos\" \/>\n<script type=\"application\/ld+json\" class=\"yoast-schema-graph\">{\"@context\":\"https:\\\/\\\/schema.org\",\"@graph\":[{\"@type\":\"WebPage\",\"@id\":\"https:\\\/\\\/ccblux.com\\\/?page_id=313\",\"url\":\"https:\\\/\\\/ccblux.com\\\/?page_id=313\",\"name\":\"Monitor do tempo de espera no Bierger Center - CCBLUX - Centro Cultural Brasil Luxemburgo\",\"isPartOf\":{\"@id\":\"http:\\\/\\\/ccblux.com\\\/#website\"},\"datePublished\":\"2020-03-27T18:44:05+00:00\",\"dateModified\":\"2024-05-04T01:18:48+00:00\",\"breadcrumb\":{\"@id\":\"https:\\\/\\\/ccblux.com\\\/?page_id=313#breadcrumb\"},\"inLanguage\":\"pt-BR\",\"potentialAction\":[{\"@type\":\"ReadAction\",\"target\":[\"https:\\\/\\\/ccblux.com\\\/?page_id=313\"]}]},{\"@type\":\"BreadcrumbList\",\"@id\":\"https:\\\/\\\/ccblux.com\\\/?page_id=313#breadcrumb\",\"itemListElement\":[{\"@type\":\"ListItem\",\"position\":1,\"name\":\"In\u00edcio\",\"item\":\"http:\\\/\\\/ccblux.com\\\/\"},{\"@type\":\"ListItem\",\"position\":2,\"name\":\"Monitor do tempo de espera no Bierger Center\"}]},{\"@type\":\"WebSite\",\"@id\":\"http:\\\/\\\/ccblux.com\\\/#website\",\"url\":\"http:\\\/\\\/ccblux.com\\\/\",\"name\":\"CCBLUX - Centro Cultural Brasil Luxemburgo\",\"description\":\"Retomando os La\u00e7os com as ra\u00edzes luxemburguesas\",\"publisher\":{\"@id\":\"http:\\\/\\\/ccblux.com\\\/#organization\"},\"potentialAction\":[{\"@type\":\"SearchAction\",\"target\":{\"@type\":\"EntryPoint\",\"urlTemplate\":\"http:\\\/\\\/ccblux.com\\\/?s={search_term_string}\"},\"query-input\":{\"@type\":\"PropertyValueSpecification\",\"valueRequired\":true,\"valueName\":\"search_term_string\"}}],\"inLanguage\":\"pt-BR\"},{\"@type\":\"Organization\",\"@id\":\"http:\\\/\\\/ccblux.com\\\/#organization\",\"name\":\"CCBLUX Consultoria Ltda\",\"url\":\"http:\\\/\\\/ccblux.com\\\/\",\"logo\":{\"@type\":\"ImageObject\",\"inLanguage\":\"pt-BR\",\"@id\":\"http:\\\/\\\/ccblux.com\\\/#\\\/schema\\\/logo\\\/image\\\/\",\"url\":\"https:\\\/\\\/www.ccblux.com.br\\\/wp-content\\\/uploads\\\/2017\\\/06\\\/CCBLUX2ss.png\",\"contentUrl\":\"https:\\\/\\\/www.ccblux.com.br\\\/wp-content\\\/uploads\\\/2017\\\/06\\\/CCBLUX2ss.png\",\"width\":111,\"height\":131,\"caption\":\"CCBLUX Consultoria Ltda\"},\"image\":{\"@id\":\"http:\\\/\\\/ccblux.com\\\/#\\\/schema\\\/logo\\\/image\\\/\"},\"sameAs\":[\"https:\\\/\\\/www.facebook.com\\\/CCBLUX\"]}]}<\/script>\n<!-- \/ Yoast SEO plugin. -->","yoast_head_json":{"title":"Monitor do tempo de espera no Bierger Center - CCBLUX - Centro Cultural Brasil Luxemburgo","robots":{"index":"index","follow":"follow","max-snippet":"max-snippet:-1","max-image-preview":"max-image-preview:large","max-video-preview":"max-video-preview:-1"},"canonical":"https:\/\/ccblux.com\/?page_id=313","og_locale":"pt_BR","og_type":"article","og_title":"Monitor do tempo de espera no Bierger Center - CCBLUX - Centro Cultural Brasil Luxemburgo","og_description":"A p\u00e1gina do Bierger Center que coletamos os tempos foi corrigida em 16\/12\/2021 e voltamos a monitorar os tempos de espera. Este \u00e9 o gr\u00e1fico que mostra o avan\u00e7o dia-a-dia dos tempos de espera para atendimento no Bierger Center para os procedimentos de obten\u00e7\u00e3o da nacionalidade luxemburguesa pelas modalidades de RECUPERA\u00c7\u00c3O, OP\u00c7\u00c3O e NATURALIZA\u00c7\u00c3O. A &hellip; Continue lendo \"Monitor do tempo de espera no Bierger Center\"","og_url":"https:\/\/ccblux.com\/?page_id=313","og_site_name":"CCBLUX - Centro Cultural Brasil Luxemburgo","article_publisher":"https:\/\/www.facebook.com\/CCBLUX","article_modified_time":"2024-05-04T01:18:48+00:00","twitter_card":"summary_large_image","twitter_misc":{"Est. tempo de leitura":"2 minutos"},"schema":{"@context":"https:\/\/schema.org","@graph":[{"@type":"WebPage","@id":"https:\/\/ccblux.com\/?page_id=313","url":"https:\/\/ccblux.com\/?page_id=313","name":"Monitor do tempo de espera no Bierger Center - CCBLUX - Centro Cultural Brasil Luxemburgo","isPartOf":{"@id":"http:\/\/ccblux.com\/#website"},"datePublished":"2020-03-27T18:44:05+00:00","dateModified":"2024-05-04T01:18:48+00:00","breadcrumb":{"@id":"https:\/\/ccblux.com\/?page_id=313#breadcrumb"},"inLanguage":"pt-BR","potentialAction":[{"@type":"ReadAction","target":["https:\/\/ccblux.com\/?page_id=313"]}]},{"@type":"BreadcrumbList","@id":"https:\/\/ccblux.com\/?page_id=313#breadcrumb","itemListElement":[{"@type":"ListItem","position":1,"name":"In\u00edcio","item":"http:\/\/ccblux.com\/"},{"@type":"ListItem","position":2,"name":"Monitor do tempo de espera no Bierger Center"}]},{"@type":"WebSite","@id":"http:\/\/ccblux.com\/#website","url":"http:\/\/ccblux.com\/","name":"CCBLUX - Centro Cultural Brasil Luxemburgo","description":"Retomando os La\u00e7os com as ra\u00edzes luxemburguesas","publisher":{"@id":"http:\/\/ccblux.com\/#organization"},"potentialAction":[{"@type":"SearchAction","target":{"@type":"EntryPoint","urlTemplate":"http:\/\/ccblux.com\/?s={search_term_string}"},"query-input":{"@type":"PropertyValueSpecification","valueRequired":true,"valueName":"search_term_string"}}],"inLanguage":"pt-BR"},{"@type":"Organization","@id":"http:\/\/ccblux.com\/#organization","name":"CCBLUX Consultoria Ltda","url":"http:\/\/ccblux.com\/","logo":{"@type":"ImageObject","inLanguage":"pt-BR","@id":"http:\/\/ccblux.com\/#\/schema\/logo\/image\/","url":"https:\/\/www.ccblux.com.br\/wp-content\/uploads\/2017\/06\/CCBLUX2ss.png","contentUrl":"https:\/\/www.ccblux.com.br\/wp-content\/uploads\/2017\/06\/CCBLUX2ss.png","width":111,"height":131,"caption":"CCBLUX Consultoria Ltda"},"image":{"@id":"http:\/\/ccblux.com\/#\/schema\/logo\/image\/"},"sameAs":["https:\/\/www.facebook.com\/CCBLUX"]}]}},"_links":{"self":[{"href":"https:\/\/www.ccblux.com\/index.php?rest_route=\/wp\/v2\/pages\/313","targetHints":{"allow":["GET"]}}],"collection":[{"href":"https:\/\/www.ccblux.com\/index.php?rest_route=\/wp\/v2\/pages"}],"about":[{"href":"https:\/\/www.ccblux.com\/index.php?rest_route=\/wp\/v2\/types\/page"}],"author":[{"embeddable":true,"href":"https:\/\/www.ccblux.com\/index.php?rest_route=\/wp\/v2\/users\/1"}],"replies":[{"embeddable":true,"href":"https:\/\/www.ccblux.com\/index.php?rest_route=%2Fwp%2Fv2%2Fcomments&post=313"}],"version-history":[{"count":53,"href":"https:\/\/www.ccblux.com\/index.php?rest_route=\/wp\/v2\/pages\/313\/revisions"}],"predecessor-version":[{"id":1271,"href":"https:\/\/www.ccblux.com\/index.php?rest_route=\/wp\/v2\/pages\/313\/revisions\/1271"}],"wp:attachment":[{"href":"https:\/\/www.ccblux.com\/index.php?rest_route=%2Fwp%2Fv2%2Fmedia&parent=313"}],"curies":[{"name":"wp","href":"https:\/\/api.w.org\/{rel}","templated":true}]}}