{"id":24,"date":"2017-06-01T02:32:19","date_gmt":"2017-06-01T02:32:19","guid":{"rendered":"http:\/\/ccblux.com\/?page_id=24"},"modified":"2020-03-27T18:27:17","modified_gmt":"2020-03-27T21:27:17","slug":"idioma-luxemburgues-2","status":"publish","type":"page","link":"https:\/\/www.ccblux.com\/?page_id=24","title":{"rendered":"Idioma Luxemburgu\u00eas"},"content":{"rendered":"<p>Luxemburgo tem 3 idiomas oficiais, mas o luxemburgu\u00eas \u00e9 o idioma do CORA\u00c7\u00c3O. Aprende-lo significa fazer parte do n\u00facleo da cultura do gr\u00e3o ducado.<\/p>\n<p>Seja para fins profissionais ou seja para cumprir a exig\u00eancia de buscar a cidadania luxemburguesa, \u00e9 poss\u00edvel aprender este idioma.<\/p>\n<p>No site abaixo criado pela prefeitura da cidade de Luxemburgo (capital do pa\u00eds), encontramos um curso b\u00e1sico de idioma luxemburgu\u00eas.<\/p>\n<p>Basta baixar a apostila e os \u00e1udios em MP3 para acompanhar.<\/p>\n<p><a href=\"https:\/\/www.vdl.lu\/fr\/vivre\/education-et-formations\/sinscrire-aux-cours-de-la-ville\/apprendre-le-luxembourgeois-avec-des-fichiers-gratuits-mp3\">https:\/\/www.vdl.lu\/fr\/vivre\/education-et-formations\/sinscrire-aux-cours-de-la-ville\/apprendre-le-luxembourgeois-avec-des-fichiers-gratuits-mp3<\/a><\/p>\n","protected":false},"excerpt":{"rendered":"<p>Luxemburgo tem 3 idiomas oficiais, mas o luxemburgu\u00eas \u00e9 o idioma do CORA\u00c7\u00c3O. Aprende-lo significa fazer parte do n\u00facleo da cultura do gr\u00e3o ducado. Seja para fins profissionais ou seja para cumprir a exig\u00eancia de buscar a cidadania luxemburguesa, \u00e9 poss\u00edvel aprender este idioma. No site abaixo criado pela prefeitura da cidade de Luxemburgo (capital &hellip; <\/p>\n<p class=\"link-more\"><a href=\"https:\/\/www.ccblux.com\/?page_id=24\" class=\"more-link\">Continue lendo<span class=\"screen-reader-text\"> &#8220;Idioma Luxemburgu\u00eas&#8221;<\/span><\/a><\/p>\n","protected":false},"author":1,"featured_media":0,"parent":0,"menu_order":0,"comment_status":"closed","ping_status":"closed","template":"","meta":{"footnotes":""},"class_list":["post-24","page","type-page","status-publish","hentry"],"yoast_head":"<!-- This site is optimized with the Yoast SEO plugin v27.3 - https:\/\/yoast.com\/product\/yoast-seo-wordpress\/ -->\n<title>Idioma Luxemburgu\u00eas - CCBLUX - Centro Cultural Brasil Luxemburgo<\/title>\n<meta name=\"robots\" content=\"index, follow, max-snippet:-1, max-image-preview:large, max-video-preview:-1\" \/>\n<link rel=\"canonical\" href=\"https:\/\/www.ccblux.com.br\/?page_id=24\" \/>\n<meta property=\"og:locale\" content=\"pt_BR\" \/>\n<meta property=\"og:type\" content=\"article\" \/>\n<meta property=\"og:title\" content=\"Idioma Luxemburgu\u00eas - CCBLUX - Centro Cultural Brasil Luxemburgo\" \/>\n<meta property=\"og:description\" content=\"Luxemburgo tem 3 idiomas oficiais, mas o luxemburgu\u00eas \u00e9 o idioma do CORA\u00c7\u00c3O. Aprende-lo significa fazer parte do n\u00facleo da cultura do gr\u00e3o ducado. Seja para fins profissionais ou seja para cumprir a exig\u00eancia de buscar a cidadania luxemburguesa, \u00e9 poss\u00edvel aprender este idioma. No site abaixo criado pela prefeitura da cidade de Luxemburgo (capital &hellip; Continue lendo &quot;Idioma Luxemburgu\u00eas&quot;\" \/>\n<meta property=\"og:url\" content=\"https:\/\/www.ccblux.com.br\/?page_id=24\" \/>\n<meta property=\"og:site_name\" content=\"CCBLUX - Centro Cultural Brasil Luxemburgo\" \/>\n<meta property=\"article:publisher\" content=\"https:\/\/www.facebook.com\/CCBLUX\" \/>\n<meta property=\"article:modified_time\" content=\"2020-03-27T21:27:17+00:00\" \/>\n<meta name=\"twitter:card\" content=\"summary_large_image\" \/>\n<script type=\"application\/ld+json\" class=\"yoast-schema-graph\">{\"@context\":\"https:\\\/\\\/schema.org\",\"@graph\":[{\"@type\":\"WebPage\",\"@id\":\"https:\\\/\\\/www.ccblux.com.br\\\/?page_id=24\",\"url\":\"https:\\\/\\\/www.ccblux.com.br\\\/?page_id=24\",\"name\":\"Idioma Luxemburgu\u00eas - CCBLUX - Centro Cultural Brasil Luxemburgo\",\"isPartOf\":{\"@id\":\"https:\\\/\\\/ccblux.com.br\\\/#website\"},\"datePublished\":\"2017-06-01T02:32:19+00:00\",\"dateModified\":\"2020-03-27T21:27:17+00:00\",\"breadcrumb\":{\"@id\":\"https:\\\/\\\/www.ccblux.com.br\\\/?page_id=24#breadcrumb\"},\"inLanguage\":\"pt-BR\",\"potentialAction\":[{\"@type\":\"ReadAction\",\"target\":[\"https:\\\/\\\/www.ccblux.com.br\\\/?page_id=24\"]}]},{\"@type\":\"BreadcrumbList\",\"@id\":\"https:\\\/\\\/www.ccblux.com.br\\\/?page_id=24#breadcrumb\",\"itemListElement\":[{\"@type\":\"ListItem\",\"position\":1,\"name\":\"In\u00edcio\",\"item\":\"https:\\\/\\\/ccblux.com.br\\\/\"},{\"@type\":\"ListItem\",\"position\":2,\"name\":\"Idioma Luxemburgu\u00eas\"}]},{\"@type\":\"WebSite\",\"@id\":\"https:\\\/\\\/ccblux.com.br\\\/#website\",\"url\":\"https:\\\/\\\/ccblux.com.br\\\/\",\"name\":\"CCBLUX - Centro Cultural Brasil Luxemburgo\",\"description\":\"Retomando os La\u00e7os com as ra\u00edzes luxemburguesas\",\"publisher\":{\"@id\":\"https:\\\/\\\/ccblux.com.br\\\/#organization\"},\"potentialAction\":[{\"@type\":\"SearchAction\",\"target\":{\"@type\":\"EntryPoint\",\"urlTemplate\":\"https:\\\/\\\/ccblux.com.br\\\/?s={search_term_string}\"},\"query-input\":{\"@type\":\"PropertyValueSpecification\",\"valueRequired\":true,\"valueName\":\"search_term_string\"}}],\"inLanguage\":\"pt-BR\"},{\"@type\":\"Organization\",\"@id\":\"https:\\\/\\\/ccblux.com.br\\\/#organization\",\"name\":\"CCBLUX Consultoria Ltda\",\"url\":\"https:\\\/\\\/ccblux.com.br\\\/\",\"logo\":{\"@type\":\"ImageObject\",\"inLanguage\":\"pt-BR\",\"@id\":\"https:\\\/\\\/ccblux.com.br\\\/#\\\/schema\\\/logo\\\/image\\\/\",\"url\":\"https:\\\/\\\/www.ccblux.com.br\\\/wp-content\\\/uploads\\\/2017\\\/06\\\/CCBLUX2ss.png\",\"contentUrl\":\"https:\\\/\\\/www.ccblux.com.br\\\/wp-content\\\/uploads\\\/2017\\\/06\\\/CCBLUX2ss.png\",\"width\":111,\"height\":131,\"caption\":\"CCBLUX Consultoria Ltda\"},\"image\":{\"@id\":\"https:\\\/\\\/ccblux.com.br\\\/#\\\/schema\\\/logo\\\/image\\\/\"},\"sameAs\":[\"https:\\\/\\\/www.facebook.com\\\/CCBLUX\"]}]}<\/script>\n<!-- \/ Yoast SEO plugin. -->","yoast_head_json":{"title":"Idioma Luxemburgu\u00eas - CCBLUX - Centro Cultural Brasil Luxemburgo","robots":{"index":"index","follow":"follow","max-snippet":"max-snippet:-1","max-image-preview":"max-image-preview:large","max-video-preview":"max-video-preview:-1"},"canonical":"https:\/\/www.ccblux.com.br\/?page_id=24","og_locale":"pt_BR","og_type":"article","og_title":"Idioma Luxemburgu\u00eas - CCBLUX - Centro Cultural Brasil Luxemburgo","og_description":"Luxemburgo tem 3 idiomas oficiais, mas o luxemburgu\u00eas \u00e9 o idioma do CORA\u00c7\u00c3O. Aprende-lo significa fazer parte do n\u00facleo da cultura do gr\u00e3o ducado. Seja para fins profissionais ou seja para cumprir a exig\u00eancia de buscar a cidadania luxemburguesa, \u00e9 poss\u00edvel aprender este idioma. No site abaixo criado pela prefeitura da cidade de Luxemburgo (capital &hellip; Continue lendo \"Idioma Luxemburgu\u00eas\"","og_url":"https:\/\/www.ccblux.com.br\/?page_id=24","og_site_name":"CCBLUX - Centro Cultural Brasil Luxemburgo","article_publisher":"https:\/\/www.facebook.com\/CCBLUX","article_modified_time":"2020-03-27T21:27:17+00:00","twitter_card":"summary_large_image","schema":{"@context":"https:\/\/schema.org","@graph":[{"@type":"WebPage","@id":"https:\/\/www.ccblux.com.br\/?page_id=24","url":"https:\/\/www.ccblux.com.br\/?page_id=24","name":"Idioma Luxemburgu\u00eas - CCBLUX - Centro Cultural Brasil Luxemburgo","isPartOf":{"@id":"https:\/\/ccblux.com.br\/#website"},"datePublished":"2017-06-01T02:32:19+00:00","dateModified":"2020-03-27T21:27:17+00:00","breadcrumb":{"@id":"https:\/\/www.ccblux.com.br\/?page_id=24#breadcrumb"},"inLanguage":"pt-BR","potentialAction":[{"@type":"ReadAction","target":["https:\/\/www.ccblux.com.br\/?page_id=24"]}]},{"@type":"BreadcrumbList","@id":"https:\/\/www.ccblux.com.br\/?page_id=24#breadcrumb","itemListElement":[{"@type":"ListItem","position":1,"name":"In\u00edcio","item":"https:\/\/ccblux.com.br\/"},{"@type":"ListItem","position":2,"name":"Idioma Luxemburgu\u00eas"}]},{"@type":"WebSite","@id":"https:\/\/ccblux.com.br\/#website","url":"https:\/\/ccblux.com.br\/","name":"CCBLUX - Centro Cultural Brasil Luxemburgo","description":"Retomando os La\u00e7os com as ra\u00edzes luxemburguesas","publisher":{"@id":"https:\/\/ccblux.com.br\/#organization"},"potentialAction":[{"@type":"SearchAction","target":{"@type":"EntryPoint","urlTemplate":"https:\/\/ccblux.com.br\/?s={search_term_string}"},"query-input":{"@type":"PropertyValueSpecification","valueRequired":true,"valueName":"search_term_string"}}],"inLanguage":"pt-BR"},{"@type":"Organization","@id":"https:\/\/ccblux.com.br\/#organization","name":"CCBLUX Consultoria Ltda","url":"https:\/\/ccblux.com.br\/","logo":{"@type":"ImageObject","inLanguage":"pt-BR","@id":"https:\/\/ccblux.com.br\/#\/schema\/logo\/image\/","url":"https:\/\/www.ccblux.com.br\/wp-content\/uploads\/2017\/06\/CCBLUX2ss.png","contentUrl":"https:\/\/www.ccblux.com.br\/wp-content\/uploads\/2017\/06\/CCBLUX2ss.png","width":111,"height":131,"caption":"CCBLUX Consultoria Ltda"},"image":{"@id":"https:\/\/ccblux.com.br\/#\/schema\/logo\/image\/"},"sameAs":["https:\/\/www.facebook.com\/CCBLUX"]}]}},"_links":{"self":[{"href":"https:\/\/www.ccblux.com\/index.php?rest_route=\/wp\/v2\/pages\/24","targetHints":{"allow":["GET"]}}],"collection":[{"href":"https:\/\/www.ccblux.com\/index.php?rest_route=\/wp\/v2\/pages"}],"about":[{"href":"https:\/\/www.ccblux.com\/index.php?rest_route=\/wp\/v2\/types\/page"}],"author":[{"embeddable":true,"href":"https:\/\/www.ccblux.com\/index.php?rest_route=\/wp\/v2\/users\/1"}],"replies":[{"embeddable":true,"href":"https:\/\/www.ccblux.com\/index.php?rest_route=%2Fwp%2Fv2%2Fcomments&post=24"}],"version-history":[{"count":3,"href":"https:\/\/www.ccblux.com\/index.php?rest_route=\/wp\/v2\/pages\/24\/revisions"}],"predecessor-version":[{"id":340,"href":"https:\/\/www.ccblux.com\/index.php?rest_route=\/wp\/v2\/pages\/24\/revisions\/340"}],"wp:attachment":[{"href":"https:\/\/www.ccblux.com\/index.php?rest_route=%2Fwp%2Fv2%2Fmedia&parent=24"}],"curies":[{"name":"wp","href":"https:\/\/api.w.org\/{rel}","templated":true}]}}