{"id":1016,"date":"2022-02-22T10:46:04","date_gmt":"2022-02-22T13:46:04","guid":{"rendered":"https:\/\/www.ccblux.com.br\/?page_id=1016"},"modified":"2023-12-22T11:13:51","modified_gmt":"2023-12-22T14:13:51","slug":"assistente-lulu","status":"publish","type":"page","link":"https:\/\/www.ccblux.com\/?page_id=1016","title":{"rendered":"Assistente Lulu"},"content":{"rendered":"\n<p id=\"block-c898fbaa-0ed7-4baf-9445-cb9f386f3508\">Ol\u00e1, eu sou a LULU, sua assistente virtual para ajudar em algumas d\u00favidas e comunica\u00e7\u00f5es com Luxemburgo .Vamos l\u00e1?<\/p>\n\n\n<div class=\"wp-block-image is-style-rounded\">\n<figure class=\"aligncenter size-large is-resized\"><img loading=\"lazy\" decoding=\"async\" width=\"1024\" height=\"1024\" src=\"https:\/\/www.ccblux.com.br\/wp-content\/uploads\/2021\/04\/Lulu-1024x1024.png\" alt=\"\" class=\"wp-image-783\" style=\"width:256px;height:256px\" srcset=\"https:\/\/www.ccblux.com\/wp-content\/uploads\/2021\/04\/Lulu-1024x1024.png 1024w, https:\/\/www.ccblux.com\/wp-content\/uploads\/2021\/04\/Lulu-300x300.png 300w, https:\/\/www.ccblux.com\/wp-content\/uploads\/2021\/04\/Lulu-150x150.png 150w, https:\/\/www.ccblux.com\/wp-content\/uploads\/2021\/04\/Lulu-768x768.png 768w, https:\/\/www.ccblux.com\/wp-content\/uploads\/2021\/04\/Lulu-100x100.png 100w, https:\/\/www.ccblux.com\/wp-content\/uploads\/2021\/04\/Lulu.png 1280w\" sizes=\"auto, (max-width: 767px) 89vw, (max-width: 1000px) 54vw, (max-width: 1071px) 543px, 580px\" \/><\/figure>\n<\/div>\n\n\n<meta property=\"og:image\" content=\"https:\/\/www.ccblux.com.br\/wp-content\/uploads\/2021\/04\/Lulu-300x300.png\">\n\n\n\n<p id=\"block-c3283d64-ec70-4400-b226-2fc4c1f24a3e\"><a href=\"https:\/\/www.ccblux.com.br\/Termo%20de%20responsabilidade.pdf\">Clique aqui para ver osTermos e Condi\u00e7\u00f5es do servi\u00e7o<\/a>.<\/p>\n\n\n\n<link rel=\"stylesheet\" href=\"https:\/\/www.ccblux.com.br\/lulu\/style.css\">\n    <script src=\"https:\/\/kit.fontawesome.com\/a076d05399.js\"><\/script>\n    <script src=\"https:\/\/code.jquery.com\/jquery-3.5.1.min.js\"><\/script>\n\n    <div class=\"wrapper\">\n        <div class=\"title\">Lulu &#8211; Assistente virtual (beta)<\/div>\n        <div class=\"form\">\n            <div class=\"bot-inbox inbox\">\n                <div class=\"icon\">\n                    <!-- <i class=\"fas fa-user\"><\/i>-->\n\t\t\t\t\t<img decoding=\"async\" src=\"https:\/\/www.ccblux.com.br\/wp-content\/uploads\/2017\/06\/cropped-CCBLUX2ss-1-32x32.png\">\n                <\/div>\n                <div class=\"msg-header\">\n                    <p>Ol\u00e1 eu sou a Lulu, Vou ajudar voc\u00ea a gerar o e-mail de comunica\u00e7\u00e3o para o <b>Bierger-Center<\/b>, <b>Registro Nacional(RNPP)<\/b>, ou algumas outras d\u00favidas.<\/p>\n                <\/div>\n            <\/div>\n\t\t\t<div class=\"bot-inbox inbox\">\n                <div class=\"icon\">\n                    <!-- <i class=\"fas fa-user\"><\/i>-->\n\t\t\t\t\t<img decoding=\"async\" src=\"https:\/\/www.ccblux.com.br\/wp-content\/uploads\/2017\/06\/cropped-CCBLUX2ss-1-32x32.png\">\n                <\/div>\n\t\t\t\t<div class=\"msg-header\">\n                    <p>Escolha o que deseja fazer?<\/p>\n\t\t\t\t\t\n\t\t\t\t\t<select name=\"q1\" id=\"q1\" onchange=\"javascript:acao();\">\n\t\t\t\t\t\t<option value=\" \"> <\/option>\n\t\t\t\t\t    <option value=\"Notificar ida para Bierger-Center\">Notificar ida para Bierger-Center<\/option>\n                                            <option value=\"Pedir reenvio NOVO certificado artigo 23\">Pedir reenvio NOVO certificado artigo 23<\/option>\n                                            <option value=\"Pedir para retirar no MJ o novo certificado artigo 23\">Pedir para retirar no MJ o novo certificado artigo 23<\/option>\n\t\t\t\t\t    <option value=\"Atualizar o Registro Nacional (RNPP)\">Atualizar o Registro Nacional (RNPP)<\/option>\n\t\t\t\t\t\t<option value=\"Quais os feriados em 2023 em Lux?\">Quais os feriados em 2023 em Lux?<\/option>\n                                                <option value=\"Quais os feriados em 2024 em Lux?\">Quais os feriados em 2024 em Lux?<\/option>\n\t\t\t\t\t\t<option value=\"Posso falar com um assessor?\">Posso falar com um assessor?<\/option>\n\t\t\t\t\t\t<option value=\"Quero assessoria para segunda etapa\">Quero assessoria para segunda etapa<\/option>\n\t\t\t\t\t\t<option value=\"Tenho direito a nacionalidade?\">Tenho direito a nacionalidade?<\/option>\n                                               <option value=\"Quero relatar um erro\">Quero relatar um erro<\/option>\n\t\t\t\t\t<\/select>\n\t\t\t\t\t\n                <\/div>\n\t\t\t<\/div>\n        <\/div>\n        <div class=\"typing-field\">\n            <div class=\"input-data\">\n                <input id=\"data\" type=\"text\" placeholder=\"Digite aqui ou escolha a op\u00e7\u00e3o acima.\" required=\"\">\n                <button id=\"send-btn\" style=\"margin: 0;\n    padding: 0;\n    box-sizing: border-box;\n    font-family: 'Poppins', sans-serif;\">Enviar<\/button>\n            <\/div>\n        <\/div>\n    <\/div>\n\n    <script>\n\t\tfunction acao() {\n\t\t\t\/*\n\t\t\talert(\"pto 1\");\n\t\t    alert($(\"#q1\").val());\n\t\t\talert($(\"#data\").val());\n\t\t\t*\/\n\t\t\t\n\t\t\tif ($(\"#q1\").val() != '') {\n\t\t\t\t$(\"#data\").val($(\"#q1\").val());\n\t\t\t}\n\t\t\t\n\t\t}\n\t\t\n\t    $(function(){\n\t\t\t\n\t\t\t$('input, textarea').on('keypress', function(e){\n\t\t\t\tif (e.keyCode == 13) {\n\t\t\t\t\te.preventDefault();\n\t\t\t\t$(\"#send-btn\").click();\n\t\t\t\t}\n\t\t\t});\n\t\t});\n        $(document).ready(function(){\n            $(\"#send-btn\").on(\"click\", function(){\n                $value = $(\"#data\").val();\n\t\t\t\t\n\t\t\t\t\n\t\t\t\t\/\/alert($(\"#data-viagem\").val());\n                $msg = '<div class=\"user-inbox inbox\"><div class=\"msg-header\"><p>'+ $value +'<\/p><\/div><\/div>';\n\t\t\t\tif (typeof $(\"#data-viagem\").val() != 'undefined'){\n\t\t\t\t\t$value = $value+'&data-viagem='+$(\"#data-viagem\").val();\n\t\t\t\t}\n                $(\".form\").append($msg);\n                $(\"#data\").val('');\n                \n                \/\/ start ajax code\n                $.ajax({\n                    url: 'https:\/\/www.ccblux.com.br\/lulu\/message22.php',\n                    type: 'POST',\n                    \/\/data: 'text='+$value+'&data-viagem='+$value-data-viagem,\n\t\t\t\t\tdata: 'text='+$value,\n                    success: function(result){\n\t\t\t\t\t\tif (result.trim() == 'restart') {location.reload()}\n\t\t\t\t\t\tif (result == 'x1') {\n\t\t\t\t\t\t\t$replay = '<div class=\"bot-inbox inbox\"><div class=\"icon\"><img decoding=\"async\" src=\"https:\/\/www.ccblux.com.br\/wp-content\/uploads\/2017\/06\/cropped-CCBLUX2ss-1-32x32.png\"><\/div><div class=\"msg-header\"><p>'+ 'caiu no X1' +'<\/p><\/div><\/div>';\n\t\t\t\t\t\t\t$(\".form\").append($replay);\n\t\t\t\t\t\t\t\/\/ when chat goes down the scroll bar automatically comes to the bottom\n\t\t\t\t\t\t\t$(\".form\").scrollTop($(\".form\")[0].scrollHeight);\n\t\t\t\t\t\t}\n\t\t\t\t\t\telse {\n\t\t\t\t\t\t\t\/*$replay = '<div class=\"bot-inbox inbox\"><div class=\"icon\"><i class=\"fas fa-user\"><\/i><\/div><div class=\"msg-header\">'+ result +'<\/div><\/div>';*\/\n\t\t\t\t\t\t\t$replay = '<div class=\"bot-inbox inbox\"><div class=\"icon\"><img decoding=\"async\" src=\"https:\/\/www.ccblux.com.br\/wp-content\/uploads\/2017\/06\/cropped-CCBLUX2ss-1-32x32.png\"><\/div><div class=\"msg-header\">'+ result + '<\/div><\/div>';\n\t\t\t\t\t\t\t\/*\n\t\t\t\t\t\t\talert(\"pto2\");\n\t\t\t\t\t\t\talert(result);\n\t\t\t\t\t\t\talert($replay);\n\t\t\t\t\t\t\t*\/\n\t\t\t\t\t\t\t$(\".form\").append($replay);\n\t\t\t\t\t\t\t\/\/ when chat goes down the scroll bar automatically comes to the bottom\n\t\t\t\t\t\t\t$(\".form\").scrollTop($(\".form\")[0].scrollHeight);\n\t\t\t\t\t\t}\n                    }\n                });\n\t\t\t\t$(\"#q1\").val('');\n            });\n        });\n    <\/script>\n\n\n\n<p id=\"block-bcefcc55-e677-465b-bf00-7e97fd7e4d92\">Copyright \u00a9 2022 CCBLUX Consultoria Ltda<\/p>\n","protected":false},"excerpt":{"rendered":"<p>Ol\u00e1, eu sou a LULU, sua assistente virtual para ajudar em algumas d\u00favidas e comunica\u00e7\u00f5es com Luxemburgo .Vamos l\u00e1? Clique aqui para ver osTermos e Condi\u00e7\u00f5es do servi\u00e7o. Lulu &#8211; Assistente virtual (beta) Ol\u00e1 eu sou a Lulu, Vou ajudar voc\u00ea a gerar o e-mail de comunica\u00e7\u00e3o para o Bierger-Center, Registro Nacional(RNPP), ou algumas outras &hellip; <\/p>\n<p class=\"link-more\"><a href=\"https:\/\/www.ccblux.com\/?page_id=1016\" class=\"more-link\">Continue lendo<span class=\"screen-reader-text\"> &#8220;Assistente Lulu&#8221;<\/span><\/a><\/p>\n","protected":false},"author":1,"featured_media":0,"parent":0,"menu_order":0,"comment_status":"closed","ping_status":"closed","template":"","meta":{"footnotes":""},"class_list":["post-1016","page","type-page","status-publish","hentry"],"yoast_head":"<!-- This site is optimized with the Yoast SEO plugin v27.3 - https:\/\/yoast.com\/product\/yoast-seo-wordpress\/ -->\n<title>Assistente Lulu - CCBLUX - Centro Cultural Brasil Luxemburgo<\/title>\n<meta name=\"description\" content=\"Assistente virtual para enviar comunicados para Luxemburgo (Bierger Center\/RNPP) ou outras d\u00favidas\" \/>\n<meta name=\"robots\" content=\"index, follow, max-snippet:-1, max-image-preview:large, max-video-preview:-1\" \/>\n<link rel=\"canonical\" href=\"https:\/\/ccblux.com.br\/?page_id=1016\" \/>\n<meta property=\"og:locale\" content=\"pt_BR\" \/>\n<meta property=\"og:type\" content=\"article\" \/>\n<meta property=\"og:title\" content=\"Assistente Lulu - CCBLUX - Centro Cultural Brasil Luxemburgo\" \/>\n<meta property=\"og:description\" content=\"Assistente virtual para enviar comunicados para Luxemburgo (Bierger Center\/RNPP) ou outras d\u00favidas\" \/>\n<meta property=\"og:url\" content=\"https:\/\/ccblux.com.br\/?page_id=1016\" \/>\n<meta property=\"og:site_name\" content=\"CCBLUX - Centro Cultural Brasil Luxemburgo\" \/>\n<meta property=\"article:publisher\" content=\"https:\/\/www.facebook.com\/CCBLUX\" \/>\n<meta property=\"article:modified_time\" content=\"2023-12-22T14:13:51+00:00\" \/>\n<meta property=\"og:image\" content=\"https:\/\/www.ccblux.com.br\/wp-content\/uploads\/2021\/04\/Lulu-1024x1024.png\" \/>\n<meta name=\"twitter:card\" content=\"summary_large_image\" \/>\n<meta name=\"twitter:label1\" content=\"Est. tempo de leitura\" \/>\n\t<meta name=\"twitter:data1\" content=\"2 minutos\" \/>\n<script type=\"application\/ld+json\" class=\"yoast-schema-graph\">{\"@context\":\"https:\\\/\\\/schema.org\",\"@graph\":[{\"@type\":\"WebPage\",\"@id\":\"https:\\\/\\\/ccblux.com.br\\\/?page_id=1016\",\"url\":\"https:\\\/\\\/ccblux.com.br\\\/?page_id=1016\",\"name\":\"Assistente Lulu - CCBLUX - Centro Cultural Brasil Luxemburgo\",\"isPartOf\":{\"@id\":\"https:\\\/\\\/ccblux.com.br\\\/#website\"},\"primaryImageOfPage\":{\"@id\":\"https:\\\/\\\/ccblux.com.br\\\/?page_id=1016#primaryimage\"},\"image\":{\"@id\":\"https:\\\/\\\/ccblux.com.br\\\/?page_id=1016#primaryimage\"},\"thumbnailUrl\":\"https:\\\/\\\/www.ccblux.com.br\\\/wp-content\\\/uploads\\\/2021\\\/04\\\/Lulu-1024x1024.png\",\"datePublished\":\"2022-02-22T13:46:04+00:00\",\"dateModified\":\"2023-12-22T14:13:51+00:00\",\"description\":\"Assistente virtual para enviar comunicados para Luxemburgo (Bierger Center\\\/RNPP) ou outras d\u00favidas\",\"breadcrumb\":{\"@id\":\"https:\\\/\\\/ccblux.com.br\\\/?page_id=1016#breadcrumb\"},\"inLanguage\":\"pt-BR\",\"potentialAction\":[{\"@type\":\"ReadAction\",\"target\":[\"https:\\\/\\\/ccblux.com.br\\\/?page_id=1016\"]}]},{\"@type\":\"ImageObject\",\"inLanguage\":\"pt-BR\",\"@id\":\"https:\\\/\\\/ccblux.com.br\\\/?page_id=1016#primaryimage\",\"url\":\"https:\\\/\\\/www.ccblux.com.br\\\/wp-content\\\/uploads\\\/2021\\\/04\\\/Lulu-1024x1024.png\",\"contentUrl\":\"https:\\\/\\\/www.ccblux.com.br\\\/wp-content\\\/uploads\\\/2021\\\/04\\\/Lulu-1024x1024.png\"},{\"@type\":\"BreadcrumbList\",\"@id\":\"https:\\\/\\\/ccblux.com.br\\\/?page_id=1016#breadcrumb\",\"itemListElement\":[{\"@type\":\"ListItem\",\"position\":1,\"name\":\"In\u00edcio\",\"item\":\"https:\\\/\\\/ccblux.com.br\\\/\"},{\"@type\":\"ListItem\",\"position\":2,\"name\":\"Assistente Lulu\"}]},{\"@type\":\"WebSite\",\"@id\":\"https:\\\/\\\/ccblux.com.br\\\/#website\",\"url\":\"https:\\\/\\\/ccblux.com.br\\\/\",\"name\":\"CCBLUX - Centro Cultural Brasil Luxemburgo\",\"description\":\"Retomando os La\u00e7os com as ra\u00edzes luxemburguesas\",\"publisher\":{\"@id\":\"https:\\\/\\\/ccblux.com.br\\\/#organization\"},\"potentialAction\":[{\"@type\":\"SearchAction\",\"target\":{\"@type\":\"EntryPoint\",\"urlTemplate\":\"https:\\\/\\\/ccblux.com.br\\\/?s={search_term_string}\"},\"query-input\":{\"@type\":\"PropertyValueSpecification\",\"valueRequired\":true,\"valueName\":\"search_term_string\"}}],\"inLanguage\":\"pt-BR\"},{\"@type\":\"Organization\",\"@id\":\"https:\\\/\\\/ccblux.com.br\\\/#organization\",\"name\":\"CCBLUX Consultoria Ltda\",\"url\":\"https:\\\/\\\/ccblux.com.br\\\/\",\"logo\":{\"@type\":\"ImageObject\",\"inLanguage\":\"pt-BR\",\"@id\":\"https:\\\/\\\/ccblux.com.br\\\/#\\\/schema\\\/logo\\\/image\\\/\",\"url\":\"https:\\\/\\\/www.ccblux.com.br\\\/wp-content\\\/uploads\\\/2017\\\/06\\\/CCBLUX2ss.png\",\"contentUrl\":\"https:\\\/\\\/www.ccblux.com.br\\\/wp-content\\\/uploads\\\/2017\\\/06\\\/CCBLUX2ss.png\",\"width\":111,\"height\":131,\"caption\":\"CCBLUX Consultoria Ltda\"},\"image\":{\"@id\":\"https:\\\/\\\/ccblux.com.br\\\/#\\\/schema\\\/logo\\\/image\\\/\"},\"sameAs\":[\"https:\\\/\\\/www.facebook.com\\\/CCBLUX\"]}]}<\/script>\n<!-- \/ Yoast SEO plugin. -->","yoast_head_json":{"title":"Assistente Lulu - CCBLUX - Centro Cultural Brasil Luxemburgo","description":"Assistente virtual para enviar comunicados para Luxemburgo (Bierger Center\/RNPP) ou outras d\u00favidas","robots":{"index":"index","follow":"follow","max-snippet":"max-snippet:-1","max-image-preview":"max-image-preview:large","max-video-preview":"max-video-preview:-1"},"canonical":"https:\/\/ccblux.com.br\/?page_id=1016","og_locale":"pt_BR","og_type":"article","og_title":"Assistente Lulu - CCBLUX - Centro Cultural Brasil Luxemburgo","og_description":"Assistente virtual para enviar comunicados para Luxemburgo (Bierger Center\/RNPP) ou outras d\u00favidas","og_url":"https:\/\/ccblux.com.br\/?page_id=1016","og_site_name":"CCBLUX - Centro Cultural Brasil Luxemburgo","article_publisher":"https:\/\/www.facebook.com\/CCBLUX","article_modified_time":"2023-12-22T14:13:51+00:00","og_image":[{"url":"https:\/\/www.ccblux.com.br\/wp-content\/uploads\/2021\/04\/Lulu-1024x1024.png","type":"","width":"","height":""}],"twitter_card":"summary_large_image","twitter_misc":{"Est. tempo de leitura":"2 minutos"},"schema":{"@context":"https:\/\/schema.org","@graph":[{"@type":"WebPage","@id":"https:\/\/ccblux.com.br\/?page_id=1016","url":"https:\/\/ccblux.com.br\/?page_id=1016","name":"Assistente Lulu - CCBLUX - Centro Cultural Brasil Luxemburgo","isPartOf":{"@id":"https:\/\/ccblux.com.br\/#website"},"primaryImageOfPage":{"@id":"https:\/\/ccblux.com.br\/?page_id=1016#primaryimage"},"image":{"@id":"https:\/\/ccblux.com.br\/?page_id=1016#primaryimage"},"thumbnailUrl":"https:\/\/www.ccblux.com.br\/wp-content\/uploads\/2021\/04\/Lulu-1024x1024.png","datePublished":"2022-02-22T13:46:04+00:00","dateModified":"2023-12-22T14:13:51+00:00","description":"Assistente virtual para enviar comunicados para Luxemburgo (Bierger Center\/RNPP) ou outras d\u00favidas","breadcrumb":{"@id":"https:\/\/ccblux.com.br\/?page_id=1016#breadcrumb"},"inLanguage":"pt-BR","potentialAction":[{"@type":"ReadAction","target":["https:\/\/ccblux.com.br\/?page_id=1016"]}]},{"@type":"ImageObject","inLanguage":"pt-BR","@id":"https:\/\/ccblux.com.br\/?page_id=1016#primaryimage","url":"https:\/\/www.ccblux.com.br\/wp-content\/uploads\/2021\/04\/Lulu-1024x1024.png","contentUrl":"https:\/\/www.ccblux.com.br\/wp-content\/uploads\/2021\/04\/Lulu-1024x1024.png"},{"@type":"BreadcrumbList","@id":"https:\/\/ccblux.com.br\/?page_id=1016#breadcrumb","itemListElement":[{"@type":"ListItem","position":1,"name":"In\u00edcio","item":"https:\/\/ccblux.com.br\/"},{"@type":"ListItem","position":2,"name":"Assistente Lulu"}]},{"@type":"WebSite","@id":"https:\/\/ccblux.com.br\/#website","url":"https:\/\/ccblux.com.br\/","name":"CCBLUX - Centro Cultural Brasil Luxemburgo","description":"Retomando os La\u00e7os com as ra\u00edzes luxemburguesas","publisher":{"@id":"https:\/\/ccblux.com.br\/#organization"},"potentialAction":[{"@type":"SearchAction","target":{"@type":"EntryPoint","urlTemplate":"https:\/\/ccblux.com.br\/?s={search_term_string}"},"query-input":{"@type":"PropertyValueSpecification","valueRequired":true,"valueName":"search_term_string"}}],"inLanguage":"pt-BR"},{"@type":"Organization","@id":"https:\/\/ccblux.com.br\/#organization","name":"CCBLUX Consultoria Ltda","url":"https:\/\/ccblux.com.br\/","logo":{"@type":"ImageObject","inLanguage":"pt-BR","@id":"https:\/\/ccblux.com.br\/#\/schema\/logo\/image\/","url":"https:\/\/www.ccblux.com.br\/wp-content\/uploads\/2017\/06\/CCBLUX2ss.png","contentUrl":"https:\/\/www.ccblux.com.br\/wp-content\/uploads\/2017\/06\/CCBLUX2ss.png","width":111,"height":131,"caption":"CCBLUX Consultoria Ltda"},"image":{"@id":"https:\/\/ccblux.com.br\/#\/schema\/logo\/image\/"},"sameAs":["https:\/\/www.facebook.com\/CCBLUX"]}]}},"_links":{"self":[{"href":"https:\/\/www.ccblux.com\/index.php?rest_route=\/wp\/v2\/pages\/1016","targetHints":{"allow":["GET"]}}],"collection":[{"href":"https:\/\/www.ccblux.com\/index.php?rest_route=\/wp\/v2\/pages"}],"about":[{"href":"https:\/\/www.ccblux.com\/index.php?rest_route=\/wp\/v2\/types\/page"}],"author":[{"embeddable":true,"href":"https:\/\/www.ccblux.com\/index.php?rest_route=\/wp\/v2\/users\/1"}],"replies":[{"embeddable":true,"href":"https:\/\/www.ccblux.com\/index.php?rest_route=%2Fwp%2Fv2%2Fcomments&post=1016"}],"version-history":[{"count":13,"href":"https:\/\/www.ccblux.com\/index.php?rest_route=\/wp\/v2\/pages\/1016\/revisions"}],"predecessor-version":[{"id":1204,"href":"https:\/\/www.ccblux.com\/index.php?rest_route=\/wp\/v2\/pages\/1016\/revisions\/1204"}],"wp:attachment":[{"href":"https:\/\/www.ccblux.com\/index.php?rest_route=%2Fwp%2Fv2%2Fmedia&parent=1016"}],"curies":[{"name":"wp","href":"https:\/\/api.w.org\/{rel}","templated":true}]}}